{"id":65,"date":"2024-07-09T20:08:14","date_gmt":"2024-07-09T20:08:14","guid":{"rendered":"https:\/\/www.salonrebelka.sk\/?page_id=65"},"modified":"2025-05-28T20:43:00","modified_gmt":"2025-05-28T20:43:00","slug":"fq","status":"publish","type":"page","link":"https:\/\/www.salonrebelka.sk\/?page_id=65","title":{"rendered":"FAQ"},"content":{"rendered":"\t\t<div data-elementor-type=\"wp-page\" data-elementor-id=\"65\" class=\"elementor elementor-65\" data-elementor-post-type=\"page\">\n\t\t\t\t<div class=\"elementor-element elementor-element-b777cf4 e-con-full e-flex e-con e-parent\" data-id=\"b777cf4\" data-element_type=\"container\">\n\t\t<div class=\"elementor-element elementor-element-75e45ca e-con-full e-flex e-con e-child\" data-id=\"75e45ca\" data-element_type=\"container\">\n\t\t\t\t<div class=\"elementor-element elementor-element-1b50687 elementor-widget elementor-widget-image\" data-id=\"1b50687\" data-element_type=\"widget\" data-widget_type=\"image.default\">\n\t\t\t\t<div class=\"elementor-widget-container\">\n\t\t\t<style>\/*! elementor - v3.23.0 - 25-07-2024 *\/\n.elementor-widget-image{text-align:center}.elementor-widget-image a{display:inline-block}.elementor-widget-image a img[src$=\".svg\"]{width:48px}.elementor-widget-image img{vertical-align:middle;display:inline-block}<\/style>\t\t\t\t\t\t\t\t\t\t<img fetchpriority=\"high\" decoding=\"async\" width=\"2500\" height=\"838\" src=\"https:\/\/www.salonrebelka.sk\/wp-content\/uploads\/2024\/07\/Svadoby_Salon_Rebelka_FAQ.jpg\" class=\"attachment-full size-full wp-image-489\" alt=\"\" srcset=\"https:\/\/www.salonrebelka.sk\/wp-content\/uploads\/2024\/07\/Svadoby_Salon_Rebelka_FAQ.jpg 2500w, https:\/\/www.salonrebelka.sk\/wp-content\/uploads\/2024\/07\/Svadoby_Salon_Rebelka_FAQ-300x101.jpg 300w, https:\/\/www.salonrebelka.sk\/wp-content\/uploads\/2024\/07\/Svadoby_Salon_Rebelka_FAQ-1024x343.jpg 1024w, https:\/\/www.salonrebelka.sk\/wp-content\/uploads\/2024\/07\/Svadoby_Salon_Rebelka_FAQ-768x257.jpg 768w, https:\/\/www.salonrebelka.sk\/wp-content\/uploads\/2024\/07\/Svadoby_Salon_Rebelka_FAQ-1536x515.jpg 1536w, https:\/\/www.salonrebelka.sk\/wp-content\/uploads\/2024\/07\/Svadoby_Salon_Rebelka_FAQ-2048x686.jpg 2048w\" sizes=\"(max-width: 2500px) 100vw, 2500px\" \/>\t\t\t\t\t\t\t\t\t\t\t\t\t<\/div>\n\t\t\t\t<\/div>\n\t\t\t\t<\/div>\n\t\t\t\t<\/div>\n\t\t<div class=\"elementor-element elementor-element-a723431 e-flex e-con-boxed e-con e-parent\" data-id=\"a723431\" data-element_type=\"container\">\n\t\t\t\t\t<div class=\"e-con-inner\">\n\t\t\t\t<div class=\"elementor-element elementor-element-3e57ab1 elementor-widget elementor-widget-spacer\" data-id=\"3e57ab1\" data-element_type=\"widget\" data-widget_type=\"spacer.default\">\n\t\t\t\t<div class=\"elementor-widget-container\">\n\t\t\t<style>\/*! elementor - v3.23.0 - 25-07-2024 *\/\n.elementor-column .elementor-spacer-inner{height:var(--spacer-size)}.e-con{--container-widget-width:100%}.e-con-inner>.elementor-widget-spacer,.e-con>.elementor-widget-spacer{width:var(--container-widget-width,var(--spacer-size));--align-self:var(--container-widget-align-self,initial);--flex-shrink:0}.e-con-inner>.elementor-widget-spacer>.elementor-widget-container,.e-con>.elementor-widget-spacer>.elementor-widget-container{height:100%;width:100%}.e-con-inner>.elementor-widget-spacer>.elementor-widget-container>.elementor-spacer,.e-con>.elementor-widget-spacer>.elementor-widget-container>.elementor-spacer{height:100%}.e-con-inner>.elementor-widget-spacer>.elementor-widget-container>.elementor-spacer>.elementor-spacer-inner,.e-con>.elementor-widget-spacer>.elementor-widget-container>.elementor-spacer>.elementor-spacer-inner{height:var(--container-widget-height,var(--spacer-size))}.e-con-inner>.elementor-widget-spacer.elementor-widget-empty,.e-con>.elementor-widget-spacer.elementor-widget-empty{position:relative;min-height:22px;min-width:22px}.e-con-inner>.elementor-widget-spacer.elementor-widget-empty .elementor-widget-empty-icon,.e-con>.elementor-widget-spacer.elementor-widget-empty .elementor-widget-empty-icon{position:absolute;top:0;bottom:0;left:0;right:0;margin:auto;padding:0;width:22px;height:22px}<\/style>\t\t<div class=\"elementor-spacer\">\n\t\t\t<div class=\"elementor-spacer-inner\"><\/div>\n\t\t<\/div>\n\t\t\t\t<\/div>\n\t\t\t\t<\/div>\n\t\t\t\t\t<\/div>\n\t\t\t\t<\/div>\n\t\t<div class=\"elementor-element elementor-element-a4b1c5d e-flex e-con-boxed elementor-invisible e-con e-parent\" data-id=\"a4b1c5d\" data-element_type=\"container\" data-settings=\"{&quot;animation&quot;:&quot;fadeIn&quot;}\">\n\t\t\t\t\t<div class=\"e-con-inner\">\n\t\t<div class=\"elementor-element elementor-element-a67738d e-flex e-con-boxed e-con e-child\" data-id=\"a67738d\" data-element_type=\"container\">\n\t\t\t\t\t<div class=\"e-con-inner\">\n\t\t\t\t<div class=\"elementor-element elementor-element-644b359 elementor-widget elementor-widget-heading\" data-id=\"644b359\" data-element_type=\"widget\" data-widget_type=\"heading.default\">\n\t\t\t\t<div class=\"elementor-widget-container\">\n\t\t\t<style>\/*! elementor - v3.23.0 - 25-07-2024 *\/\n.elementor-heading-title{padding:0;margin:0;line-height:1}.elementor-widget-heading .elementor-heading-title[class*=elementor-size-]>a{color:inherit;font-size:inherit;line-height:inherit}.elementor-widget-heading .elementor-heading-title.elementor-size-small{font-size:15px}.elementor-widget-heading .elementor-heading-title.elementor-size-medium{font-size:19px}.elementor-widget-heading .elementor-heading-title.elementor-size-large{font-size:29px}.elementor-widget-heading .elementor-heading-title.elementor-size-xl{font-size:39px}.elementor-widget-heading .elementor-heading-title.elementor-size-xxl{font-size:59px}<\/style><h2 class=\"elementor-heading-title elementor-size-default\">Rezerv\u00e1cia term\u00ednu<\/h2>\t\t<\/div>\n\t\t\t\t<\/div>\n\t\t\t\t<div class=\"elementor-element elementor-element-b6cbbc4 elementor-widget elementor-widget-heading\" data-id=\"b6cbbc4\" data-element_type=\"widget\" data-widget_type=\"heading.default\">\n\t\t\t\t<div class=\"elementor-widget-container\">\n\t\t\t<h2 class=\"elementor-heading-title elementor-size-default\">Sme pr\u00e1ve v \u0161t\u00e1diu \u201evytv\u00e1rame nie\u010do super\u201c a preto na\u0161e priestory e\u0161te len prech\u00e1dzaj\u00fa pl\u00e1novan\u00edm. \u0160aty sa teda moment\u00e1lne nedaj\u00fa sk\u00fa\u0161a\u0165 v sal\u00f3ne, ale nebojte sa, nenech\u00e1me v\u00e1s v \u0161tichu! Ak sa u\u017e sal\u00f3nu neviete do\u010dka\u0165 a \u0161aty si chcete po\u017ei\u010da\u0165 alebo zarezervova\u0165 u\u017e teraz, dohodnite sa s nami a vysk\u00fa\u0161ajte si ich u n\u00e1s v \u017diline. Z tohto d\u00f4vodu je sk\u00fa\u0161anie \u0161iat aktu\u00e1lne bez poplatkov! Kontaktova\u0165 n\u00e1s m\u00f4\u017eete cez e-mail, kontaktn\u00fd fotmul\u00e1r, alebo soci\u00e1lne siete, popr\u00edpade telefonicky. Ak m\u00e1te ot\u00e1zky oh\u013eadom sk\u00fa\u0161ania alebo pren\u00e1jmu \u0161iat, radi v\u00e1m ich zodpovieme.<\/h2>\t\t<\/div>\n\t\t\t\t<\/div>\n\t\t\t\t\t<\/div>\n\t\t\t\t<\/div>\n\t\t\t\t\t<\/div>\n\t\t\t\t<\/div>\n\t\t<div class=\"elementor-element elementor-element-c167e5f e-flex e-con-boxed e-con e-parent\" data-id=\"c167e5f\" data-element_type=\"container\">\n\t\t\t\t\t<div class=\"e-con-inner\">\n\t\t\t\t<div class=\"elementor-element elementor-element-0bc8feb elementor-widget elementor-widget-spacer\" data-id=\"0bc8feb\" data-element_type=\"widget\" data-widget_type=\"spacer.default\">\n\t\t\t\t<div class=\"elementor-widget-container\">\n\t\t\t\t\t<div class=\"elementor-spacer\">\n\t\t\t<div class=\"elementor-spacer-inner\"><\/div>\n\t\t<\/div>\n\t\t\t\t<\/div>\n\t\t\t\t<\/div>\n\t\t\t\t\t<\/div>\n\t\t\t\t<\/div>\n\t\t<div class=\"elementor-element elementor-element-a797d06 e-flex e-con-boxed elementor-invisible e-con e-parent\" data-id=\"a797d06\" data-element_type=\"container\" data-settings=\"{&quot;animation&quot;:&quot;fadeIn&quot;}\">\n\t\t\t\t\t<div class=\"e-con-inner\">\n\t\t<div class=\"elementor-element elementor-element-f0c82b9 e-flex e-con-boxed e-con e-child\" data-id=\"f0c82b9\" data-element_type=\"container\">\n\t\t\t\t\t<div class=\"e-con-inner\">\n\t\t\t\t<div class=\"elementor-element elementor-element-e19d8f6 elementor-widget elementor-widget-heading\" data-id=\"e19d8f6\" data-element_type=\"widget\" data-widget_type=\"heading.default\">\n\t\t\t\t<div class=\"elementor-widget-container\">\n\t\t\t<h2 class=\"elementor-heading-title elementor-size-default\">Doplnky<\/h2>\t\t<\/div>\n\t\t\t\t<\/div>\n\t\t\t\t<div class=\"elementor-element elementor-element-6d683db elementor-widget elementor-widget-heading\" data-id=\"6d683db\" data-element_type=\"widget\" data-widget_type=\"heading.default\">\n\t\t\t\t<div class=\"elementor-widget-container\">\n\t\t\t<h2 class=\"elementor-heading-title elementor-size-default\">Na\u0161e z\u00e1voje a doplnky do vlasov s\u00fa s\u00fa\u010das\u0165ou po\u017ei\u010dovn\u00e9ho. Va\u0161a svadba by mala by\u0165 nezabudnute\u013en\u00e1, nie predra\u017een\u00e1 \u2013 preto s\u00fa tieto doplnky k zapo\u017ei\u010daniu zdarma.<\/h2>\t\t<\/div>\n\t\t\t\t<\/div>\n\t\t\t\t\t<\/div>\n\t\t\t\t<\/div>\n\t\t\t\t\t<\/div>\n\t\t\t\t<\/div>\n\t\t<div class=\"elementor-element elementor-element-3586e7c e-flex e-con-boxed e-con e-parent\" data-id=\"3586e7c\" data-element_type=\"container\">\n\t\t\t\t\t<div class=\"e-con-inner\">\n\t\t\t\t<div class=\"elementor-element elementor-element-2a338e5 elementor-widget elementor-widget-spacer\" data-id=\"2a338e5\" data-element_type=\"widget\" data-widget_type=\"spacer.default\">\n\t\t\t\t<div class=\"elementor-widget-container\">\n\t\t\t\t\t<div class=\"elementor-spacer\">\n\t\t\t<div class=\"elementor-spacer-inner\"><\/div>\n\t\t<\/div>\n\t\t\t\t<\/div>\n\t\t\t\t<\/div>\n\t\t\t\t\t<\/div>\n\t\t\t\t<\/div>\n\t\t<div class=\"elementor-element elementor-element-4c95e8c e-flex e-con-boxed elementor-invisible e-con e-parent\" data-id=\"4c95e8c\" data-element_type=\"container\" data-settings=\"{&quot;animation&quot;:&quot;fadeIn&quot;}\">\n\t\t\t\t\t<div class=\"e-con-inner\">\n\t\t<div class=\"elementor-element elementor-element-d42159b e-flex e-con-boxed e-con e-child\" data-id=\"d42159b\" data-element_type=\"container\">\n\t\t\t\t\t<div class=\"e-con-inner\">\n\t\t\t\t<div class=\"elementor-element elementor-element-847e1e3 elementor-widget elementor-widget-heading\" data-id=\"847e1e3\" data-element_type=\"widget\" data-widget_type=\"heading.default\">\n\t\t\t\t<div class=\"elementor-widget-container\">\n\t\t\t<h2 class=\"elementor-heading-title elementor-size-default\">Ako to u n\u00e1s na sk\u00fa\u0161ke prebieha<\/h2>\t\t<\/div>\n\t\t\t\t<\/div>\n\t\t\t\t<div class=\"elementor-element elementor-element-e55503e elementor-widget elementor-widget-heading\" data-id=\"e55503e\" data-element_type=\"widget\" data-widget_type=\"heading.default\">\n\t\t\t\t<div class=\"elementor-widget-container\">\n\t\t\t<h2 class=\"elementor-heading-title elementor-size-default\">Jedna rada: sk\u00f4r ne\u017e si vyberiete \u0161aty, rezervujte si miesto a d\u00e1tum svadby. Potom vieme, \u010di s\u00fa va\u0161e \u0161aty vo\u013en\u00e9 a \u010di zapadaj\u00fa do v\u00e1\u0161ho \u0161t\u00fdlu. Sk\u00fa\u0161ka \u0161iat je najlep\u0161ia 3-6 mesiacov pred svadbou, ale kontaktova\u0165 n\u00e1s m\u00f4\u017eete kedyko\u013evek. Jemn\u00fd make-up a telov\u00e9 alebo biele spodn\u00e9 pr\u00e1dlo s\u00fa odpor\u00fa\u010dan\u00e9. M\u00f4\u017eete vzia\u0165 so sebou a\u017e dvoch bl\u00edzkych, ale nezabudnite, \u017ee sme tu hlavne pre v\u00e1s!<\/h2>\t\t<\/div>\n\t\t\t\t<\/div>\n\t\t\t\t\t<\/div>\n\t\t\t\t<\/div>\n\t\t\t\t\t<\/div>\n\t\t\t\t<\/div>\n\t\t<div class=\"elementor-element elementor-element-c48e762 e-flex e-con-boxed e-con e-parent\" data-id=\"c48e762\" data-element_type=\"container\">\n\t\t\t\t\t<div class=\"e-con-inner\">\n\t\t\t\t<div class=\"elementor-element elementor-element-8eb8154 elementor-widget elementor-widget-spacer\" data-id=\"8eb8154\" data-element_type=\"widget\" data-widget_type=\"spacer.default\">\n\t\t\t\t<div class=\"elementor-widget-container\">\n\t\t\t\t\t<div class=\"elementor-spacer\">\n\t\t\t<div class=\"elementor-spacer-inner\"><\/div>\n\t\t<\/div>\n\t\t\t\t<\/div>\n\t\t\t\t<\/div>\n\t\t\t\t\t<\/div>\n\t\t\t\t<\/div>\n\t\t<div class=\"elementor-element elementor-element-a9fd53c e-flex e-con-boxed elementor-invisible e-con e-parent\" data-id=\"a9fd53c\" data-element_type=\"container\" data-settings=\"{&quot;animation&quot;:&quot;fadeIn&quot;}\">\n\t\t\t\t\t<div class=\"e-con-inner\">\n\t\t<div class=\"elementor-element elementor-element-a2623b5 e-flex e-con-boxed e-con e-child\" data-id=\"a2623b5\" data-element_type=\"container\">\n\t\t\t\t\t<div class=\"e-con-inner\">\n\t\t\t\t<div class=\"elementor-element elementor-element-5d350ca elementor-widget elementor-widget-heading\" data-id=\"5d350ca\" data-element_type=\"widget\" data-widget_type=\"heading.default\">\n\t\t\t\t<div class=\"elementor-widget-container\">\n\t\t\t<h2 class=\"elementor-heading-title elementor-size-default\">Preberanie a odovzdanie \u0161iat<\/h2>\t\t<\/div>\n\t\t\t\t<\/div>\n\t\t\t\t<div class=\"elementor-element elementor-element-d6a293c elementor-widget elementor-widget-heading\" data-id=\"d6a293c\" data-element_type=\"widget\" data-widget_type=\"heading.default\">\n\t\t\t\t<div class=\"elementor-widget-container\">\n\t\t\t<h2 class=\"elementor-heading-title elementor-size-default\">Fin\u00e1lnu sk\u00fa\u0161ku si napl\u00e1nujeme 1-2 t\u00fd\u017edne pred svadbou, aby sme sa uistili, \u017ee v\u0161etko sed\u00ed. \u0160aty v\u00e1m odovzd\u00e1me kr\u00e1sne upraven\u00e9, vy\u010disten\u00e9 a zabalen\u00e9 v ochrannom obale. Vyzdvihn\u00fa\u0165 si ich m\u00f4\u017eete 2-3 dni pred svadbou a vr\u00e1ti\u0165 najnesk\u00f4r v pondelok po svadbe. Ale v\u0161etko je to samozrejme o vz\u00e1jomnej dohode \ud83d\ude0a Nemus\u00edte sa po svadbe za\u0165a\u017eova\u0165 \u010distiar\u0148ou, u\u017eite si \"l\u00edbanky\" a my sa o v\u0161etko postar\u00e1me \ud83e\udd0d. Pokia\u013e sa jedn\u00e1 o odstr\u00e1nite\u013en\u00e9 \u0161kvrny, n\u00e1klady na vy\u010distenie preber\u00e1me my. Pokia\u013e by boli \u0161aty znehodnoten\u00e9 (diery, neodstr\u00e1nite\u013en\u00e9 v\u00fdrazn\u00e9 \u0161kvrny od v\u00edne\u010dka, prep\u00e1leniny od cigarety a pod.), tak sa doplatok za po\u0161koden\u00e9 \u0161aty rie\u0161i individu\u00e1lne pod\u013ea rozsahu po\u0161kodenia, ako je uveden\u00e9 aj v zmluve o pren\u00e1jme svadobn\u00fdch \u0161iat.<\/h2>\t\t<\/div>\n\t\t\t\t<\/div>\n\t\t\t\t\t<\/div>\n\t\t\t\t<\/div>\n\t\t\t\t\t<\/div>\n\t\t\t\t<\/div>\n\t\t<div class=\"elementor-element elementor-element-58333a8 e-flex e-con-boxed e-con e-parent\" data-id=\"58333a8\" data-element_type=\"container\">\n\t\t\t\t\t<div class=\"e-con-inner\">\n\t\t\t\t<div class=\"elementor-element elementor-element-8c032c7 elementor-widget elementor-widget-spacer\" data-id=\"8c032c7\" data-element_type=\"widget\" data-widget_type=\"spacer.default\">\n\t\t\t\t<div class=\"elementor-widget-container\">\n\t\t\t\t\t<div class=\"elementor-spacer\">\n\t\t\t<div class=\"elementor-spacer-inner\"><\/div>\n\t\t<\/div>\n\t\t\t\t<\/div>\n\t\t\t\t<\/div>\n\t\t\t\t\t<\/div>\n\t\t\t\t<\/div>\n\t\t<div class=\"elementor-element elementor-element-1076a62 e-flex e-con-boxed elementor-invisible e-con e-parent\" data-id=\"1076a62\" data-element_type=\"container\" data-settings=\"{&quot;animation&quot;:&quot;fadeIn&quot;}\">\n\t\t\t\t\t<div class=\"e-con-inner\">\n\t\t<div class=\"elementor-element elementor-element-35cb7fe e-flex e-con-boxed e-con e-child\" data-id=\"35cb7fe\" data-element_type=\"container\">\n\t\t\t\t\t<div class=\"e-con-inner\">\n\t\t\t\t<div class=\"elementor-element elementor-element-42b6aec elementor-widget elementor-widget-heading\" data-id=\"42b6aec\" data-element_type=\"widget\" data-widget_type=\"heading.default\">\n\t\t\t\t<div class=\"elementor-widget-container\">\n\t\t\t<h2 class=\"elementor-heading-title elementor-size-default\">Z\u00e1loha a doplatok<\/h2>\t\t<\/div>\n\t\t\t\t<\/div>\n\t\t\t\t<div class=\"elementor-element elementor-element-da8ea0b elementor-widget elementor-widget-heading\" data-id=\"da8ea0b\" data-element_type=\"widget\" data-widget_type=\"heading.default\">\n\t\t\t\t<div class=\"elementor-widget-container\">\n\t\t\t<h2 class=\"elementor-heading-title elementor-size-default\">Ak ste sa zamilovali do na\u0161ich \u0161iat a chcete si ich rezervova\u0165, plat\u00edte z\u00e1lohu vo v\u00fd\u0161ke 50% z ceny. Z\u00e1loha je v pr\u00edpade zru\u0161enia rezerv\u00e1cie nevratn\u00e1. Doplatok sa plat\u00ed po vyzdvihnut\u00ed \u0161iat.<\/h2>\t\t<\/div>\n\t\t\t\t<\/div>\n\t\t\t\t\t<\/div>\n\t\t\t\t<\/div>\n\t\t\t\t\t<\/div>\n\t\t\t\t<\/div>\n\t\t<div class=\"elementor-element elementor-element-5cf3c9f e-flex e-con-boxed e-con e-parent\" data-id=\"5cf3c9f\" data-element_type=\"container\">\n\t\t\t\t\t<div class=\"e-con-inner\">\n\t\t\t\t<div class=\"elementor-element elementor-element-7f9c568 elementor-widget elementor-widget-spacer\" data-id=\"7f9c568\" data-element_type=\"widget\" data-widget_type=\"spacer.default\">\n\t\t\t\t<div class=\"elementor-widget-container\">\n\t\t\t\t\t<div class=\"elementor-spacer\">\n\t\t\t<div class=\"elementor-spacer-inner\"><\/div>\n\t\t<\/div>\n\t\t\t\t<\/div>\n\t\t\t\t<\/div>\n\t\t\t\t\t<\/div>\n\t\t\t\t<\/div>\n\t\t<div class=\"elementor-element elementor-element-e5a7635 e-flex e-con-boxed elementor-invisible e-con e-parent\" data-id=\"e5a7635\" data-element_type=\"container\" data-settings=\"{&quot;animation&quot;:&quot;fadeIn&quot;}\">\n\t\t\t\t\t<div class=\"e-con-inner\">\n\t\t<div class=\"elementor-element elementor-element-edc8b33 e-flex e-con-boxed e-con e-child\" data-id=\"edc8b33\" data-element_type=\"container\">\n\t\t\t\t\t<div class=\"e-con-inner\">\n\t\t\t\t<div class=\"elementor-element elementor-element-4aee568 elementor-widget elementor-widget-heading\" data-id=\"4aee568\" data-element_type=\"widget\" data-widget_type=\"heading.default\">\n\t\t\t\t<div class=\"elementor-widget-container\">\n\t\t\t<h2 class=\"elementor-heading-title elementor-size-default\">Atypick\u00e9 postavy a \u0161itie na mieru<\/h2>\t\t<\/div>\n\t\t\t\t<\/div>\n\t\t\t\t<div class=\"elementor-element elementor-element-8801733 elementor-widget elementor-widget-text-editor\" data-id=\"8801733\" data-element_type=\"widget\" data-widget_type=\"text-editor.default\">\n\t\t\t\t<div class=\"elementor-widget-container\">\n\t\t\t<style>\/*! elementor - v3.23.0 - 25-07-2024 *\/\n.elementor-widget-text-editor.elementor-drop-cap-view-stacked .elementor-drop-cap{background-color:#69727d;color:#fff}.elementor-widget-text-editor.elementor-drop-cap-view-framed .elementor-drop-cap{color:#69727d;border:3px solid;background-color:transparent}.elementor-widget-text-editor:not(.elementor-drop-cap-view-default) .elementor-drop-cap{margin-top:8px}.elementor-widget-text-editor:not(.elementor-drop-cap-view-default) .elementor-drop-cap-letter{width:1em;height:1em}.elementor-widget-text-editor .elementor-drop-cap{float:left;text-align:center;line-height:1;font-size:50px}.elementor-widget-text-editor .elementor-drop-cap-letter{display:inline-block}<\/style>\t\t\t\t<p>T\u00fa\u017eite po \u00faplne in\u00fdch netypick\u00fdch \u0161at\u00e1ch o ktor\u00fdch u\u017e dlho sn\u00edvate? Alebo m\u00e1te atypick\u00fa postavu?\u00a0V tom pr\u00edpade m\u00f4\u017eete zvoli\u0165 mo\u017enos\u0165 \u0161itia na mieru a radi v\u00e1m odpor\u00fa\u010dime bombastick\u00e9 kraj\u010d\u00edrstvo. T\u00e1to slu\u017eba ide mimo n\u00e1\u0161 sal\u00f3n a \u0161aty v\u00e1m po \u0161it\u00ed na mieru ost\u00e1vaj\u00fa.<\/p>\t\t\t\t\t\t<\/div>\n\t\t\t\t<\/div>\n\t\t\t\t\t<\/div>\n\t\t\t\t<\/div>\n\t\t\t\t\t<\/div>\n\t\t\t\t<\/div>\n\t\t<div class=\"elementor-element elementor-element-60633c9 e-flex e-con-boxed e-con e-parent\" data-id=\"60633c9\" data-element_type=\"container\">\n\t\t\t\t\t<div class=\"e-con-inner\">\n\t\t\t\t<div class=\"elementor-element elementor-element-70a018b elementor-widget elementor-widget-spacer\" data-id=\"70a018b\" data-element_type=\"widget\" data-widget_type=\"spacer.default\">\n\t\t\t\t<div class=\"elementor-widget-container\">\n\t\t\t\t\t<div class=\"elementor-spacer\">\n\t\t\t<div class=\"elementor-spacer-inner\"><\/div>\n\t\t<\/div>\n\t\t\t\t<\/div>\n\t\t\t\t<\/div>\n\t\t\t\t\t<\/div>\n\t\t\t\t<\/div>\n\t\t<div class=\"elementor-element elementor-element-d0bf22f e-flex e-con-boxed elementor-invisible e-con e-parent\" data-id=\"d0bf22f\" data-element_type=\"container\" data-settings=\"{&quot;animation&quot;:&quot;fadeIn&quot;}\">\n\t\t\t\t\t<div class=\"e-con-inner\">\n\t\t<div class=\"elementor-element elementor-element-854176a e-flex e-con-boxed e-con e-child\" data-id=\"854176a\" data-element_type=\"container\">\n\t\t\t\t\t<div class=\"e-con-inner\">\n\t\t\t\t<div class=\"elementor-element elementor-element-8e7b49b elementor-widget elementor-widget-heading\" data-id=\"8e7b49b\" data-element_type=\"widget\" data-widget_type=\"heading.default\">\n\t\t\t\t<div class=\"elementor-widget-container\">\n\t\t\t<h2 class=\"elementor-heading-title elementor-size-default\">Dekorovanie svadieb<\/h2>\t\t<\/div>\n\t\t\t\t<\/div>\n\t\t\t\t<div class=\"elementor-element elementor-element-38a679f elementor-widget elementor-widget-heading\" data-id=\"38a679f\" data-element_type=\"widget\" data-widget_type=\"heading.default\">\n\t\t\t\t<div class=\"elementor-widget-container\">\n\t\t\t<h2 class=\"elementor-heading-title elementor-size-default\">Okrem pren\u00e1jmu svadobn\u00fdch \u0161iat sa n\u00e1\u0161 sal\u00f3n plne zameriava na svadobn\u00e9 v\u00fdzdoby a tvorbu svadobn\u00fdch kyt\u00edc. Po dohode v\u0161ak vieme pon\u00faknu\u0165 aj doplnkov\u00e9 slu\u017eby ako s\u00fa svadobn\u00e9 pierka, n\u00e1ramky pre dru\u017ei\u010dky, tla\u010doviny, dar\u010deky pre host\u00ed a podobne. Tak\u017ee ak nie ste zrovna kreat\u00edvny typ, sme ready to urobi\u0165 za v\u00e1s, alebo v\u00e1m poradi\u0165 ako na to. Ve\u013ea neviest prem\u00fd\u0161la nad mo\u017enos\u0165ou, \u017ee si bud\u00fa robi\u0165 svadobn\u00fa v\u00fdzdobu sam\u00e9. A to je zrovna to, \u010do v\u00e1m naozaj neodpor\u00fa\u010dame. Verte n\u00e1m, budete ma\u0165 aj bez v\u00fdzdoby kopu in\u00fdch povinnost\u00ed. Rad\u0161ej n\u00e1s kontaktujte a m\u00f4\u017eme spolu vymyslie\u0165 vhodn\u00fa verziu v\u00fdzdoby, ktor\u00fa pre v\u00e1s radi priprav\u00edme.<\/h2>\t\t<\/div>\n\t\t\t\t<\/div>\n\t\t\t\t\t<\/div>\n\t\t\t\t<\/div>\n\t\t\t\t\t<\/div>\n\t\t\t\t<\/div>\n\t\t<div class=\"elementor-element elementor-element-e756339 e-flex e-con-boxed e-con e-parent\" data-id=\"e756339\" data-element_type=\"container\">\n\t\t\t\t\t<div class=\"e-con-inner\">\n\t\t\t\t<div class=\"elementor-element elementor-element-9cd52cf elementor-widget elementor-widget-spacer\" data-id=\"9cd52cf\" data-element_type=\"widget\" data-widget_type=\"spacer.default\">\n\t\t\t\t<div class=\"elementor-widget-container\">\n\t\t\t\t\t<div class=\"elementor-spacer\">\n\t\t\t<div class=\"elementor-spacer-inner\"><\/div>\n\t\t<\/div>\n\t\t\t\t<\/div>\n\t\t\t\t<\/div>\n\t\t\t\t\t<\/div>\n\t\t\t\t<\/div>\n\t\t\t\t<\/div>\n\t\t","protected":false},"excerpt":{"rendered":"<p>Rezerv\u00e1cia term\u00ednu Sme pr\u00e1ve v \u0161t\u00e1diu \u201evytv\u00e1rame nie\u010do super\u201c a preto na\u0161e priestory e\u0161te len prech\u00e1dzaj\u00fa pl\u00e1novan\u00edm. \u0160aty sa teda moment\u00e1lne nedaj\u00fa sk\u00fa\u0161a\u0165 v sal\u00f3ne, ale nebojte sa, nenech\u00e1me v\u00e1s v \u0161tichu! Ak sa u\u017e sal\u00f3nu neviete do\u010dka\u0165 a \u0161aty si chcete po\u017ei\u010da\u0165 alebo zarezervova\u0165 u\u017e teraz, dohodnite sa s nami a vysk\u00fa\u0161ajte si ich [&hellip;]<\/p>\n","protected":false},"author":1,"featured_media":0,"parent":0,"menu_order":0,"comment_status":"closed","ping_status":"closed","template":"","meta":{"footnotes":""},"class_list":["post-65","page","type-page","status-publish","hentry"],"_links":{"self":[{"href":"https:\/\/www.salonrebelka.sk\/index.php?rest_route=\/wp\/v2\/pages\/65","targetHints":{"allow":["GET"]}}],"collection":[{"href":"https:\/\/www.salonrebelka.sk\/index.php?rest_route=\/wp\/v2\/pages"}],"about":[{"href":"https:\/\/www.salonrebelka.sk\/index.php?rest_route=\/wp\/v2\/types\/page"}],"author":[{"embeddable":true,"href":"https:\/\/www.salonrebelka.sk\/index.php?rest_route=\/wp\/v2\/users\/1"}],"replies":[{"embeddable":true,"href":"https:\/\/www.salonrebelka.sk\/index.php?rest_route=%2Fwp%2Fv2%2Fcomments&post=65"}],"version-history":[{"count":92,"href":"https:\/\/www.salonrebelka.sk\/index.php?rest_route=\/wp\/v2\/pages\/65\/revisions"}],"predecessor-version":[{"id":2656,"href":"https:\/\/www.salonrebelka.sk\/index.php?rest_route=\/wp\/v2\/pages\/65\/revisions\/2656"}],"wp:attachment":[{"href":"https:\/\/www.salonrebelka.sk\/index.php?rest_route=%2Fwp%2Fv2%2Fmedia&parent=65"}],"curies":[{"name":"wp","href":"https:\/\/api.w.org\/{rel}","templated":true}]}}