{"id":459,"date":"2024-07-21T15:43:17","date_gmt":"2024-07-21T15:43:17","guid":{"rendered":"https:\/\/www.salonrebelka.sk\/?page_id=459"},"modified":"2025-12-22T07:47:02","modified_gmt":"2025-12-22T07:47:02","slug":"o-nas","status":"publish","type":"page","link":"https:\/\/www.salonrebelka.sk\/?page_id=459","title":{"rendered":"o n\u00e1s"},"content":{"rendered":"\t\t<div data-elementor-type=\"wp-page\" data-elementor-id=\"459\" class=\"elementor elementor-459\" data-elementor-post-type=\"page\">\n\t\t\t\t<div class=\"elementor-element elementor-element-10b3eeb6 e-flex e-con-boxed e-con e-parent\" data-id=\"10b3eeb6\" data-element_type=\"container\" data-settings=\"{&quot;background_background&quot;:&quot;classic&quot;}\">\n\t\t\t\t\t<div class=\"e-con-inner\">\n\t\t\t\t\t<\/div>\n\t\t\t\t<\/div>\n\t\t<div class=\"elementor-element elementor-element-1da213c1 e-flex e-con-boxed e-con e-parent\" data-id=\"1da213c1\" data-element_type=\"container\">\n\t\t\t\t\t<div class=\"e-con-inner\">\n\t\t\t\t<div class=\"elementor-element elementor-element-4313a136 elementor-widget elementor-widget-spacer\" data-id=\"4313a136\" data-element_type=\"widget\" data-widget_type=\"spacer.default\">\n\t\t\t\t<div class=\"elementor-widget-container\">\n\t\t\t<style>\/*! elementor - v3.23.0 - 25-07-2024 *\/\n.elementor-column .elementor-spacer-inner{height:var(--spacer-size)}.e-con{--container-widget-width:100%}.e-con-inner>.elementor-widget-spacer,.e-con>.elementor-widget-spacer{width:var(--container-widget-width,var(--spacer-size));--align-self:var(--container-widget-align-self,initial);--flex-shrink:0}.e-con-inner>.elementor-widget-spacer>.elementor-widget-container,.e-con>.elementor-widget-spacer>.elementor-widget-container{height:100%;width:100%}.e-con-inner>.elementor-widget-spacer>.elementor-widget-container>.elementor-spacer,.e-con>.elementor-widget-spacer>.elementor-widget-container>.elementor-spacer{height:100%}.e-con-inner>.elementor-widget-spacer>.elementor-widget-container>.elementor-spacer>.elementor-spacer-inner,.e-con>.elementor-widget-spacer>.elementor-widget-container>.elementor-spacer>.elementor-spacer-inner{height:var(--container-widget-height,var(--spacer-size))}.e-con-inner>.elementor-widget-spacer.elementor-widget-empty,.e-con>.elementor-widget-spacer.elementor-widget-empty{position:relative;min-height:22px;min-width:22px}.e-con-inner>.elementor-widget-spacer.elementor-widget-empty .elementor-widget-empty-icon,.e-con>.elementor-widget-spacer.elementor-widget-empty .elementor-widget-empty-icon{position:absolute;top:0;bottom:0;left:0;right:0;margin:auto;padding:0;width:22px;height:22px}<\/style>\t\t<div class=\"elementor-spacer\">\n\t\t\t<div class=\"elementor-spacer-inner\"><\/div>\n\t\t<\/div>\n\t\t\t\t<\/div>\n\t\t\t\t<\/div>\n\t\t\t\t\t<\/div>\n\t\t\t\t<\/div>\n\t\t<div class=\"elementor-element elementor-element-36b41d62 elementor-hidden-mobile e-flex e-con-boxed elementor-invisible e-con e-parent\" data-id=\"36b41d62\" data-element_type=\"container\" data-settings=\"{&quot;animation&quot;:&quot;fadeIn&quot;}\">\n\t\t\t\t\t<div class=\"e-con-inner\">\n\t\t<div class=\"elementor-element elementor-element-59d810 e-con-full e-flex e-con e-child\" data-id=\"59d810\" data-element_type=\"container\">\n\t\t\t\t<div class=\"elementor-element elementor-element-37ab13d2 elementor-widget elementor-widget-heading\" data-id=\"37ab13d2\" data-element_type=\"widget\" data-widget_type=\"heading.default\">\n\t\t\t\t<div class=\"elementor-widget-container\">\n\t\t\t<style>\/*! elementor - v3.23.0 - 25-07-2024 *\/\n.elementor-heading-title{padding:0;margin:0;line-height:1}.elementor-widget-heading .elementor-heading-title[class*=elementor-size-]>a{color:inherit;font-size:inherit;line-height:inherit}.elementor-widget-heading .elementor-heading-title.elementor-size-small{font-size:15px}.elementor-widget-heading .elementor-heading-title.elementor-size-medium{font-size:19px}.elementor-widget-heading .elementor-heading-title.elementor-size-large{font-size:29px}.elementor-widget-heading .elementor-heading-title.elementor-size-xl{font-size:39px}.elementor-widget-heading .elementor-heading-title.elementor-size-xxl{font-size:59px}<\/style><h2 class=\"elementor-heading-title elementor-size-default\">Vitajte v na\u0161om netradi\u010dnom svadobnom sal\u00f3ne<\/h2>\t\t<\/div>\n\t\t\t\t<\/div>\n\t\t\t\t<div class=\"elementor-element elementor-element-1fc8dbd5 elementor-widget elementor-widget-text-editor\" data-id=\"1fc8dbd5\" data-element_type=\"widget\" data-widget_type=\"text-editor.default\">\n\t\t\t\t<div class=\"elementor-widget-container\">\n\t\t\t<style>\/*! elementor - v3.23.0 - 25-07-2024 *\/\n.elementor-widget-text-editor.elementor-drop-cap-view-stacked .elementor-drop-cap{background-color:#69727d;color:#fff}.elementor-widget-text-editor.elementor-drop-cap-view-framed .elementor-drop-cap{color:#69727d;border:3px solid;background-color:transparent}.elementor-widget-text-editor:not(.elementor-drop-cap-view-default) .elementor-drop-cap{margin-top:8px}.elementor-widget-text-editor:not(.elementor-drop-cap-view-default) .elementor-drop-cap-letter{width:1em;height:1em}.elementor-widget-text-editor .elementor-drop-cap{float:left;text-align:center;line-height:1;font-size:50px}.elementor-widget-text-editor .elementor-drop-cap-letter{display:inline-block}<\/style>\t\t\t\t<p>Sme tu pre nevesty, ktor\u00e9 h\u013eadaj\u00fa nie\u010do netypick\u00e9, neboja sa vy\u010dnieva\u0165 z radu a obliec\u0165 si \u0161aty, ktor\u00e9 sa p\u00e1\u010dia hlavne im \u2013 bez oh\u013eadu na to, \u010do si o tom pomysl\u00ed suseda! \ud83d\ude0a Ver\u00edme v ekologickej\u0161\u00ed sp\u00f4sob, ak\u00fdm sa d\u00e1 svadobn\u00fd sal\u00f3n vies\u0165, preto sa zameriavame na udr\u017eiavanie, upcykl\u00e1ciu, lok\u00e1lnu tvorbu a vymyk\u00e1me sa klasick\u00fdm sal\u00f3nov\u00fdm kolek\u010dn\u00fdm \u0161tandardom a fast fashion. \u0160aty pon\u00fakame na predaj aj na pren\u00e1jom. S\u00fa to modely, ktor\u00e9 sme si dali lok\u00e1lne u\u0161i\u0165, ako aj tie, ktor\u00e9 dostali druh\u00fa \u0161ancu a boli preroben\u00e9 z nemodern\u00fdch \u010di po\u0161koden\u00fdch modelov. Na\u0161e ceny s\u00fa tak\u00e9 prijate\u013en\u00e9, \u017ee v\u00e1m zostane aj na t\u00fa najchutnej\u0161iu svadobn\u00fa tortu \ud83c\udf82. \u010ci u\u017e preferujete extravaganciu alebo jednoduchos\u0165, ste odv\u00e1\u017ena, potetovan\u00e1, mestsk\u00e1, romantick\u00e1 alebo punkov\u00e1 nevesta \u2013 u n\u00e1s si pr\u00eddete na svoje. Pr\u00ed\u010fte a n\u00e1jdite svoje vysn\u00edvan\u00e9 \u0161aty, ktor\u00e9 vystihn\u00fa va\u0161u jedine\u010dnos\u0165, zvo\u013ete si svadobn\u00fa v\u00fdzdobu, ktor\u00e1 vytvor\u00ed pr\u00edjemn\u00fa atmosf\u00e9ru, alebo si rovno zvo\u013ete v\u00fdhodn\u00fd bal\u00ed\u010dek zahr\u0148uj\u00faci \u0161aty aj v\u00fdzdobu.<\/p><p><strong>Te\u0161\u00edme sa na v\u00e1s! V\u0161etky rebelky s\u00fa u n\u00e1s v\u00edtan\u00e9.<\/strong><\/p>\t\t\t\t\t\t<\/div>\n\t\t\t\t<\/div>\n\t\t\t\t<\/div>\n\t\t\t\t\t<\/div>\n\t\t\t\t<\/div>\n\t\t<div class=\"elementor-element elementor-element-54f89a69 elementor-hidden-desktop elementor-hidden-tablet e-flex e-con-boxed elementor-invisible e-con e-parent\" data-id=\"54f89a69\" data-element_type=\"container\" data-settings=\"{&quot;animation&quot;:&quot;fadeInUp&quot;,&quot;animation_mobile&quot;:&quot;none&quot;}\">\n\t\t\t\t\t<div class=\"e-con-inner\">\n\t\t<div class=\"elementor-element elementor-element-6f117dad e-con-full e-flex e-con e-child\" data-id=\"6f117dad\" data-element_type=\"container\">\n\t\t\t\t<div class=\"elementor-element elementor-element-2cc2eb64 elementor-widget elementor-widget-heading\" data-id=\"2cc2eb64\" data-element_type=\"widget\" data-widget_type=\"heading.default\">\n\t\t\t\t<div class=\"elementor-widget-container\">\n\t\t\t<h2 class=\"elementor-heading-title elementor-size-default\">Vitajte v na\u0161om netradi\u010dnom svadobnom sal\u00f3ne<\/h2>\t\t<\/div>\n\t\t\t\t<\/div>\n\t\t\t\t<div class=\"elementor-element elementor-element-53496a99 elementor-widget elementor-widget-text-editor\" data-id=\"53496a99\" data-element_type=\"widget\" data-widget_type=\"text-editor.default\">\n\t\t\t\t<div class=\"elementor-widget-container\">\n\t\t\t\t\t\t\t<p>Sme tu pre nevesty, ktor\u00e9 h\u013eadaj\u00fa nie\u010do netypick\u00e9, neboja sa vy\u010dnieva\u0165 z radu a obliec\u0165 si \u0161aty, ktor\u00e9 sa p\u00e1\u010dia hlavne im \u2013 bez oh\u013eadu na to, \u010do si o tom pomysl\u00ed suseda! \ud83d\ude0a Ver\u00edme v ekologickej\u0161\u00ed sp\u00f4sob, ak\u00fdm sa d\u00e1 svadobn\u00fd sal\u00f3n vies\u0165, preto sa zameriavame na udr\u017eiavanie, upcykl\u00e1ciu, lok\u00e1lnu tvorbu a vymyk\u00e1me sa klasick\u00fdm sal\u00f3nov\u00fdm kolek\u010dn\u00fdm \u0161tandardom a fast fashion. \u0160aty pon\u00fakame na predaj aj na pren\u00e1jom. S\u00fa to modely, ktor\u00e9 sme si dali lok\u00e1lne u\u0161i\u0165, ako aj tie, ktor\u00e9 dostali druh\u00fa \u0161ancu a boli preroben\u00e9 z nemodern\u00fdch \u010di po\u0161koden\u00fdch modelov. Na\u0161e ceny s\u00fa tak\u00e9 prijate\u013en\u00e9, \u017ee v\u00e1m zostane aj na t\u00fa najchutnej\u0161iu svadobn\u00fa tortu \ud83c\udf82. \u010ci u\u017e preferujete extravaganciu alebo jednoduchos\u0165, ste odv\u00e1\u017ena, potetovan\u00e1, mestsk\u00e1, romantick\u00e1 alebo punkov\u00e1 nevesta \u2013 u n\u00e1s si pr\u00eddete na svoje. Pr\u00ed\u010fte a n\u00e1jdite svoje vysn\u00edvan\u00e9 \u0161aty, ktor\u00e9 vystihn\u00fa va\u0161u jedine\u010dnos\u0165, zvo\u013ete si svadobn\u00fa v\u00fdzdobu, ktor\u00e1 vytvor\u00ed pr\u00edjemn\u00fa atmosf\u00e9ru, alebo si rovno zvo\u013ete v\u00fdhodn\u00fd bal\u00ed\u010dek zahr\u0148uj\u00faci \u0161aty aj v\u00fdzdobu.<\/p><p><strong>Te\u0161\u00edme sa na v\u00e1s! V\u0161etky rebelky s\u00fa u n\u00e1s v\u00edtan\u00e9.<\/strong><\/p>\t\t\t\t\t\t<\/div>\n\t\t\t\t<\/div>\n\t\t\t\t<\/div>\n\t\t\t\t\t<\/div>\n\t\t\t\t<\/div>\n\t\t<div class=\"elementor-element elementor-element-78e2a614 e-flex e-con-boxed e-con e-parent\" data-id=\"78e2a614\" data-element_type=\"container\">\n\t\t\t\t\t<div class=\"e-con-inner\">\n\t\t\t\t<div class=\"elementor-element elementor-element-4af51891 elementor-widget elementor-widget-spacer\" data-id=\"4af51891\" data-element_type=\"widget\" data-widget_type=\"spacer.default\">\n\t\t\t\t<div class=\"elementor-widget-container\">\n\t\t\t\t\t<div class=\"elementor-spacer\">\n\t\t\t<div class=\"elementor-spacer-inner\"><\/div>\n\t\t<\/div>\n\t\t\t\t<\/div>\n\t\t\t\t<\/div>\n\t\t\t\t\t<\/div>\n\t\t\t\t<\/div>\n\t\t\t\t<\/div>\n\t\t","protected":false},"excerpt":{"rendered":"<p>Vitajte v na\u0161om netradi\u010dnom svadobnom sal\u00f3ne Sme tu pre nevesty, ktor\u00e9 h\u013eadaj\u00fa nie\u010do netypick\u00e9, neboja sa vy\u010dnieva\u0165 z radu a obliec\u0165 si \u0161aty, ktor\u00e9 sa p\u00e1\u010dia hlavne im \u2013 bez oh\u013eadu na to, \u010do si o tom pomysl\u00ed suseda! \ud83d\ude0a Ver\u00edme v ekologickej\u0161\u00ed sp\u00f4sob, ak\u00fdm sa d\u00e1 svadobn\u00fd sal\u00f3n vies\u0165, preto sa zameriavame na udr\u017eiavanie, [&hellip;]<\/p>\n","protected":false},"author":1,"featured_media":0,"parent":0,"menu_order":0,"comment_status":"closed","ping_status":"closed","template":"","meta":{"footnotes":""},"class_list":["post-459","page","type-page","status-publish","hentry"],"_links":{"self":[{"href":"https:\/\/www.salonrebelka.sk\/index.php?rest_route=\/wp\/v2\/pages\/459","targetHints":{"allow":["GET"]}}],"collection":[{"href":"https:\/\/www.salonrebelka.sk\/index.php?rest_route=\/wp\/v2\/pages"}],"about":[{"href":"https:\/\/www.salonrebelka.sk\/index.php?rest_route=\/wp\/v2\/types\/page"}],"author":[{"embeddable":true,"href":"https:\/\/www.salonrebelka.sk\/index.php?rest_route=\/wp\/v2\/users\/1"}],"replies":[{"embeddable":true,"href":"https:\/\/www.salonrebelka.sk\/index.php?rest_route=%2Fwp%2Fv2%2Fcomments&post=459"}],"version-history":[{"count":22,"href":"https:\/\/www.salonrebelka.sk\/index.php?rest_route=\/wp\/v2\/pages\/459\/revisions"}],"predecessor-version":[{"id":2712,"href":"https:\/\/www.salonrebelka.sk\/index.php?rest_route=\/wp\/v2\/pages\/459\/revisions\/2712"}],"wp:attachment":[{"href":"https:\/\/www.salonrebelka.sk\/index.php?rest_route=%2Fwp%2Fv2%2Fmedia&parent=459"}],"curies":[{"name":"wp","href":"https:\/\/api.w.org\/{rel}","templated":true}]}}