{"id":2422,"date":"2025-05-21T20:07:46","date_gmt":"2025-05-21T20:07:46","guid":{"rendered":"https:\/\/www.salonrebelka.sk\/?page_id=2422"},"modified":"2025-05-21T20:15:03","modified_gmt":"2025-05-21T20:15:03","slug":"model-53","status":"publish","type":"page","link":"https:\/\/www.salonrebelka.sk\/?page_id=2422","title":{"rendered":"Model 53"},"content":{"rendered":"\t\t<div data-elementor-type=\"wp-page\" data-elementor-id=\"2422\" class=\"elementor elementor-2422\" data-elementor-post-type=\"page\">\n\t\t\t\t<div class=\"elementor-element elementor-element-6fd00d53 e-flex e-con-boxed e-con e-parent\" data-id=\"6fd00d53\" data-element_type=\"container\">\n\t\t\t\t\t<div class=\"e-con-inner\">\n\t\t\t\t<div class=\"elementor-element elementor-element-38d39905 elementor-widget elementor-widget-spacer\" data-id=\"38d39905\" data-element_type=\"widget\" data-widget_type=\"spacer.default\">\n\t\t\t\t<div class=\"elementor-widget-container\">\n\t\t\t<style>\/*! elementor - v3.23.0 - 25-07-2024 *\/\n.elementor-column .elementor-spacer-inner{height:var(--spacer-size)}.e-con{--container-widget-width:100%}.e-con-inner>.elementor-widget-spacer,.e-con>.elementor-widget-spacer{width:var(--container-widget-width,var(--spacer-size));--align-self:var(--container-widget-align-self,initial);--flex-shrink:0}.e-con-inner>.elementor-widget-spacer>.elementor-widget-container,.e-con>.elementor-widget-spacer>.elementor-widget-container{height:100%;width:100%}.e-con-inner>.elementor-widget-spacer>.elementor-widget-container>.elementor-spacer,.e-con>.elementor-widget-spacer>.elementor-widget-container>.elementor-spacer{height:100%}.e-con-inner>.elementor-widget-spacer>.elementor-widget-container>.elementor-spacer>.elementor-spacer-inner,.e-con>.elementor-widget-spacer>.elementor-widget-container>.elementor-spacer>.elementor-spacer-inner{height:var(--container-widget-height,var(--spacer-size))}.e-con-inner>.elementor-widget-spacer.elementor-widget-empty,.e-con>.elementor-widget-spacer.elementor-widget-empty{position:relative;min-height:22px;min-width:22px}.e-con-inner>.elementor-widget-spacer.elementor-widget-empty .elementor-widget-empty-icon,.e-con>.elementor-widget-spacer.elementor-widget-empty .elementor-widget-empty-icon{position:absolute;top:0;bottom:0;left:0;right:0;margin:auto;padding:0;width:22px;height:22px}<\/style>\t\t<div class=\"elementor-spacer\">\n\t\t\t<div class=\"elementor-spacer-inner\"><\/div>\n\t\t<\/div>\n\t\t\t\t<\/div>\n\t\t\t\t<\/div>\n\t\t\t\t\t<\/div>\n\t\t\t\t<\/div>\n\t\t<div class=\"elementor-element elementor-element-ad78412 elementor-hidden-mobile e-flex e-con-boxed e-con e-parent\" data-id=\"ad78412\" data-element_type=\"container\" data-settings=\"{&quot;background_background&quot;:&quot;classic&quot;}\">\n\t\t\t\t\t<div class=\"e-con-inner\">\n\t\t<div class=\"elementor-element elementor-element-49209cd0 e-con-full e-flex e-con e-child\" data-id=\"49209cd0\" data-element_type=\"container\">\n\t\t\t\t<div class=\"elementor-element elementor-element-6891aba4 elementor-widget elementor-widget-image\" data-id=\"6891aba4\" data-element_type=\"widget\" data-widget_type=\"image.default\">\n\t\t\t\t<div class=\"elementor-widget-container\">\n\t\t\t<style>\/*! elementor - v3.23.0 - 25-07-2024 *\/\n.elementor-widget-image{text-align:center}.elementor-widget-image a{display:inline-block}.elementor-widget-image a img[src$=\".svg\"]{width:48px}.elementor-widget-image img{vertical-align:middle;display:inline-block}<\/style>\t\t\t\t\t\t\t\t\t\t<img fetchpriority=\"high\" decoding=\"async\" width=\"681\" height=\"1024\" src=\"https:\/\/www.salonrebelka.sk\/wp-content\/uploads\/2025\/05\/Salon_Rebelka_Svadobne_Saty_53_01-681x1024.jpg\" class=\"attachment-large size-large wp-image-2375\" alt=\"\" srcset=\"https:\/\/www.salonrebelka.sk\/wp-content\/uploads\/2025\/05\/Salon_Rebelka_Svadobne_Saty_53_01-681x1024.jpg 681w, https:\/\/www.salonrebelka.sk\/wp-content\/uploads\/2025\/05\/Salon_Rebelka_Svadobne_Saty_53_01-200x300.jpg 200w, https:\/\/www.salonrebelka.sk\/wp-content\/uploads\/2025\/05\/Salon_Rebelka_Svadobne_Saty_53_01-768x1154.jpg 768w, https:\/\/www.salonrebelka.sk\/wp-content\/uploads\/2025\/05\/Salon_Rebelka_Svadobne_Saty_53_01-1022x1536.jpg 1022w, https:\/\/www.salonrebelka.sk\/wp-content\/uploads\/2025\/05\/Salon_Rebelka_Svadobne_Saty_53_01.jpg 1331w\" sizes=\"(max-width: 681px) 100vw, 681px\" \/>\t\t\t\t\t\t\t\t\t\t\t\t\t<\/div>\n\t\t\t\t<\/div>\n\t\t\t\t<\/div>\n\t\t<div class=\"elementor-element elementor-element-5a46d7d3 e-con-full e-flex e-con e-child\" data-id=\"5a46d7d3\" data-element_type=\"container\">\n\t\t<div class=\"elementor-element elementor-element-38da09c2 e-con-full e-flex elementor-invisible e-con e-child\" data-id=\"38da09c2\" data-element_type=\"container\" data-settings=\"{&quot;animation&quot;:&quot;fadeIn&quot;}\">\n\t\t\t\t<div class=\"elementor-element elementor-element-77ebf95d elementor-widget elementor-widget-heading\" data-id=\"77ebf95d\" data-element_type=\"widget\" data-widget_type=\"heading.default\">\n\t\t\t\t<div class=\"elementor-widget-container\">\n\t\t\t<style>\/*! elementor - v3.23.0 - 25-07-2024 *\/\n.elementor-heading-title{padding:0;margin:0;line-height:1}.elementor-widget-heading .elementor-heading-title[class*=elementor-size-]>a{color:inherit;font-size:inherit;line-height:inherit}.elementor-widget-heading .elementor-heading-title.elementor-size-small{font-size:15px}.elementor-widget-heading .elementor-heading-title.elementor-size-medium{font-size:19px}.elementor-widget-heading .elementor-heading-title.elementor-size-large{font-size:29px}.elementor-widget-heading .elementor-heading-title.elementor-size-xl{font-size:39px}.elementor-widget-heading .elementor-heading-title.elementor-size-xxl{font-size:59px}<\/style><h2 class=\"elementor-heading-title elementor-size-default\">Model 53<\/h2>\t\t<\/div>\n\t\t\t\t<\/div>\n\t\t\t\t<div class=\"elementor-element elementor-element-3e536312 elementor-widget elementor-widget-heading\" data-id=\"3e536312\" data-element_type=\"widget\" data-widget_type=\"heading.default\">\n\t\t\t\t<div class=\"elementor-widget-container\">\n\t\t\t<h2 class=\"elementor-heading-title elementor-size-default\">-\u00a0 zap\u00ednanie vzadu na zips a \u0161nurova\u010dku <br>-\u00a0 \u0161aty prebehli jemn\u00fdm upcyclingom, kde sme kr\u00e1sne zv\u00fdraznili p\u00e1s nevesty <br>-\u00a0 romantick\u00fd \u010dipkovan\u00fd vrch s v\u00fdstrihom do V <br>-\u00a0 dekolt vy\u0161\u00edvan\u00fd kor\u00e1lkami <br>-\u00a0 farba: slonovinov\u00e1 <br>- ve\u013ekos\u0165: 38<\/h2>\t\t<\/div>\n\t\t\t\t<\/div>\n\t\t<div class=\"elementor-element elementor-element-616e60a8 e-con-full e-flex e-con e-child\" data-id=\"616e60a8\" data-element_type=\"container\">\n\t\t\t\t<div class=\"elementor-element elementor-element-5be40800 elementor-widget elementor-widget-spacer\" data-id=\"5be40800\" data-element_type=\"widget\" data-widget_type=\"spacer.default\">\n\t\t\t\t<div class=\"elementor-widget-container\">\n\t\t\t\t\t<div class=\"elementor-spacer\">\n\t\t\t<div class=\"elementor-spacer-inner\"><\/div>\n\t\t<\/div>\n\t\t\t\t<\/div>\n\t\t\t\t<\/div>\n\t\t\t\t<\/div>\n\t\t\t\t<\/div>\n\t\t\t\t<\/div>\n\t\t\t\t\t<\/div>\n\t\t\t\t<\/div>\n\t\t<div class=\"elementor-element elementor-element-64ae33d0 elementor-hidden-desktop elementor-hidden-tablet e-flex e-con-boxed e-con e-parent\" data-id=\"64ae33d0\" data-element_type=\"container\" data-settings=\"{&quot;background_background&quot;:&quot;classic&quot;}\">\n\t\t\t\t\t<div class=\"e-con-inner\">\n\t\t<div class=\"elementor-element elementor-element-46d8ee4d e-con-full e-flex e-con e-child\" data-id=\"46d8ee4d\" data-element_type=\"container\">\n\t\t<div class=\"elementor-element elementor-element-729e8473 e-con-full e-flex elementor-invisible e-con e-child\" data-id=\"729e8473\" data-element_type=\"container\" data-settings=\"{&quot;animation&quot;:&quot;fadeIn&quot;}\">\n\t\t\t\t<div class=\"elementor-element elementor-element-11deb232 elementor-widget elementor-widget-heading\" data-id=\"11deb232\" data-element_type=\"widget\" data-widget_type=\"heading.default\">\n\t\t\t\t<div class=\"elementor-widget-container\">\n\t\t\t<h2 class=\"elementor-heading-title elementor-size-default\">Model 53<\/h2>\t\t<\/div>\n\t\t\t\t<\/div>\n\t\t\t\t<div class=\"elementor-element elementor-element-537651f5 elementor-widget elementor-widget-heading\" data-id=\"537651f5\" data-element_type=\"widget\" data-widget_type=\"heading.default\">\n\t\t\t\t<div class=\"elementor-widget-container\">\n\t\t\t<h2 class=\"elementor-heading-title elementor-size-default\">-\u00a0 zap\u00ednanie vzadu na zips a \u0161nurova\u010dku <br>-\u00a0 \u0161aty prebehli jemn\u00fdm upcyclingom, kde sme kr\u00e1sne zv\u00fdraznili p\u00e1s nevesty <br>-\u00a0 romantick\u00fd \u010dipkovan\u00fd vrch s v\u00fdstrihom do V <br>-\u00a0 dekolt vy\u0161\u00edvan\u00fd kor\u00e1lkami <br>-\u00a0 farba: slonovinov\u00e1 <br>- ve\u013ekos\u0165: 38<\/h2>\t\t<\/div>\n\t\t\t\t<\/div>\n\t\t<div class=\"elementor-element elementor-element-1f09c281 e-con-full e-flex e-con e-child\" data-id=\"1f09c281\" data-element_type=\"container\">\n\t\t\t\t<div class=\"elementor-element elementor-element-1322bcec elementor-widget elementor-widget-spacer\" data-id=\"1322bcec\" data-element_type=\"widget\" data-widget_type=\"spacer.default\">\n\t\t\t\t<div class=\"elementor-widget-container\">\n\t\t\t\t\t<div class=\"elementor-spacer\">\n\t\t\t<div class=\"elementor-spacer-inner\"><\/div>\n\t\t<\/div>\n\t\t\t\t<\/div>\n\t\t\t\t<\/div>\n\t\t\t\t<\/div>\n\t\t\t\t<\/div>\n\t\t\t\t<\/div>\n\t\t\t\t\t<\/div>\n\t\t\t\t<\/div>\n\t\t<div class=\"elementor-element elementor-element-2b60880b elementor-hidden-mobile e-flex e-con-boxed e-con e-parent\" data-id=\"2b60880b\" data-element_type=\"container\">\n\t\t\t\t\t<div class=\"e-con-inner\">\n\t\t\t\t<div class=\"elementor-element elementor-element-1382be62 gallery-spacing-custom elementor-widget elementor-widget-image-gallery\" data-id=\"1382be62\" data-element_type=\"widget\" data-widget_type=\"image-gallery.default\">\n\t\t\t\t<div class=\"elementor-widget-container\">\n\t\t\t<style>\/*! elementor - v3.23.0 - 25-07-2024 *\/\n.elementor-image-gallery .gallery-item{display:inline-block;text-align:center;vertical-align:top;width:100%;max-width:100%;margin:0 auto}.elementor-image-gallery .gallery-item img{margin:0 auto}.elementor-image-gallery .gallery-item .gallery-caption{margin:0}.elementor-image-gallery figure img{display:block}.elementor-image-gallery figure figcaption{width:100%}.gallery-spacing-custom .elementor-image-gallery .gallery-icon{padding:0}@media (min-width:768px){.elementor-image-gallery .gallery-columns-2 .gallery-item{max-width:50%}.elementor-image-gallery .gallery-columns-3 .gallery-item{max-width:33.33%}.elementor-image-gallery .gallery-columns-4 .gallery-item{max-width:25%}.elementor-image-gallery .gallery-columns-5 .gallery-item{max-width:20%}.elementor-image-gallery .gallery-columns-6 .gallery-item{max-width:16.666%}.elementor-image-gallery .gallery-columns-7 .gallery-item{max-width:14.28%}.elementor-image-gallery .gallery-columns-8 .gallery-item{max-width:12.5%}.elementor-image-gallery .gallery-columns-9 .gallery-item{max-width:11.11%}.elementor-image-gallery .gallery-columns-10 .gallery-item{max-width:10%}}@media (min-width:480px) and (max-width:767px){.elementor-image-gallery .gallery.gallery-columns-2 .gallery-item,.elementor-image-gallery .gallery.gallery-columns-3 .gallery-item,.elementor-image-gallery .gallery.gallery-columns-4 .gallery-item,.elementor-image-gallery .gallery.gallery-columns-5 .gallery-item,.elementor-image-gallery .gallery.gallery-columns-6 .gallery-item,.elementor-image-gallery .gallery.gallery-columns-7 .gallery-item,.elementor-image-gallery .gallery.gallery-columns-8 .gallery-item,.elementor-image-gallery .gallery.gallery-columns-9 .gallery-item,.elementor-image-gallery .gallery.gallery-columns-10 .gallery-item{max-width:50%}}@media (max-width:479px){.elementor-image-gallery .gallery.gallery-columns-2 .gallery-item,.elementor-image-gallery .gallery.gallery-columns-3 .gallery-item,.elementor-image-gallery .gallery.gallery-columns-4 .gallery-item,.elementor-image-gallery .gallery.gallery-columns-5 .gallery-item,.elementor-image-gallery .gallery.gallery-columns-6 .gallery-item,.elementor-image-gallery .gallery.gallery-columns-7 .gallery-item,.elementor-image-gallery .gallery.gallery-columns-8 .gallery-item,.elementor-image-gallery .gallery.gallery-columns-9 .gallery-item,.elementor-image-gallery .gallery.gallery-columns-10 .gallery-item{max-width:100%}}<\/style>\t\t<div class=\"elementor-image-gallery\">\n\t\t\t<div id='gallery-1' class='gallery galleryid-2422 gallery-columns-10 gallery-size-large'><figure class='gallery-item'>\n\t\t\t<div class='gallery-icon portrait'>\n\t\t\t\t<a data-elementor-open-lightbox=\"yes\" data-elementor-lightbox-slideshow=\"1382be62\" data-e-action-hash=\"#elementor-action%3Aaction%3Dlightbox%26settings%3DeyJpZCI6MjM3NSwidXJsIjoiaHR0cHM6XC9cL3d3dy5zYWxvbnJlYmVsa2Euc2tcL3dwLWNvbnRlbnRcL3VwbG9hZHNcLzIwMjVcLzA1XC9TYWxvbl9SZWJlbGthX1N2YWRvYm5lX1NhdHlfNTNfMDEuanBnIiwic2xpZGVzaG93IjoiMTM4MmJlNjIifQ%3D%3D\" href='https:\/\/www.salonrebelka.sk\/wp-content\/uploads\/2025\/05\/Salon_Rebelka_Svadobne_Saty_53_01.jpg'><img decoding=\"async\" width=\"681\" height=\"1024\" src=\"https:\/\/www.salonrebelka.sk\/wp-content\/uploads\/2025\/05\/Salon_Rebelka_Svadobne_Saty_53_01-681x1024.jpg\" class=\"attachment-large size-large\" alt=\"\" srcset=\"https:\/\/www.salonrebelka.sk\/wp-content\/uploads\/2025\/05\/Salon_Rebelka_Svadobne_Saty_53_01-681x1024.jpg 681w, https:\/\/www.salonrebelka.sk\/wp-content\/uploads\/2025\/05\/Salon_Rebelka_Svadobne_Saty_53_01-200x300.jpg 200w, https:\/\/www.salonrebelka.sk\/wp-content\/uploads\/2025\/05\/Salon_Rebelka_Svadobne_Saty_53_01-768x1154.jpg 768w, https:\/\/www.salonrebelka.sk\/wp-content\/uploads\/2025\/05\/Salon_Rebelka_Svadobne_Saty_53_01-1022x1536.jpg 1022w, https:\/\/www.salonrebelka.sk\/wp-content\/uploads\/2025\/05\/Salon_Rebelka_Svadobne_Saty_53_01.jpg 1331w\" sizes=\"(max-width: 681px) 100vw, 681px\" \/><\/a>\n\t\t\t<\/div><\/figure><figure class='gallery-item'>\n\t\t\t<div class='gallery-icon portrait'>\n\t\t\t\t<a data-elementor-open-lightbox=\"yes\" data-elementor-lightbox-slideshow=\"1382be62\" data-e-action-hash=\"#elementor-action%3Aaction%3Dlightbox%26settings%3DeyJpZCI6MjM3NiwidXJsIjoiaHR0cHM6XC9cL3d3dy5zYWxvbnJlYmVsa2Euc2tcL3dwLWNvbnRlbnRcL3VwbG9hZHNcLzIwMjVcLzA1XC9TYWxvbl9SZWJlbGthX1N2YWRvYm5lX1NhdHlfNTNfMDIuanBnIiwic2xpZGVzaG93IjoiMTM4MmJlNjIifQ%3D%3D\" href='https:\/\/www.salonrebelka.sk\/wp-content\/uploads\/2025\/05\/Salon_Rebelka_Svadobne_Saty_53_02.jpg'><img decoding=\"async\" width=\"681\" height=\"1024\" src=\"https:\/\/www.salonrebelka.sk\/wp-content\/uploads\/2025\/05\/Salon_Rebelka_Svadobne_Saty_53_02-681x1024.jpg\" class=\"attachment-large size-large\" alt=\"\" srcset=\"https:\/\/www.salonrebelka.sk\/wp-content\/uploads\/2025\/05\/Salon_Rebelka_Svadobne_Saty_53_02-681x1024.jpg 681w, https:\/\/www.salonrebelka.sk\/wp-content\/uploads\/2025\/05\/Salon_Rebelka_Svadobne_Saty_53_02-200x300.jpg 200w, https:\/\/www.salonrebelka.sk\/wp-content\/uploads\/2025\/05\/Salon_Rebelka_Svadobne_Saty_53_02-768x1154.jpg 768w, https:\/\/www.salonrebelka.sk\/wp-content\/uploads\/2025\/05\/Salon_Rebelka_Svadobne_Saty_53_02-1022x1536.jpg 1022w, https:\/\/www.salonrebelka.sk\/wp-content\/uploads\/2025\/05\/Salon_Rebelka_Svadobne_Saty_53_02.jpg 1331w\" sizes=\"(max-width: 681px) 100vw, 681px\" \/><\/a>\n\t\t\t<\/div><\/figure>\n\t\t<\/div>\n\t\t<\/div>\n\t\t\t\t<\/div>\n\t\t\t\t<\/div>\n\t\t\t\t\t<\/div>\n\t\t\t\t<\/div>\n\t\t<div class=\"elementor-element elementor-element-243e7f7 e-flex e-con-boxed e-con e-parent\" data-id=\"243e7f7\" data-element_type=\"container\">\n\t\t\t\t\t<div class=\"e-con-inner\">\n\t\t\t\t<div class=\"elementor-element elementor-element-71e55393 gallery-spacing-custom elementor-hidden-desktop elementor-hidden-tablet elementor-widget elementor-widget-image-gallery\" data-id=\"71e55393\" data-element_type=\"widget\" data-widget_type=\"image-gallery.default\">\n\t\t\t\t<div class=\"elementor-widget-container\">\n\t\t\t\t\t<div class=\"elementor-image-gallery\">\n\t\t\t<div id='gallery-2' class='gallery galleryid-2422 gallery-columns-10 gallery-size-full'><figure class='gallery-item'>\n\t\t\t<div class='gallery-icon portrait'>\n\t\t\t\t<a data-elementor-open-lightbox=\"yes\" data-elementor-lightbox-slideshow=\"71e55393\" data-e-action-hash=\"#elementor-action%3Aaction%3Dlightbox%26settings%3DeyJpZCI6MjM3NSwidXJsIjoiaHR0cHM6XC9cL3d3dy5zYWxvbnJlYmVsa2Euc2tcL3dwLWNvbnRlbnRcL3VwbG9hZHNcLzIwMjVcLzA1XC9TYWxvbl9SZWJlbGthX1N2YWRvYm5lX1NhdHlfNTNfMDEuanBnIiwic2xpZGVzaG93IjoiNzFlNTUzOTMifQ%3D%3D\" href='https:\/\/www.salonrebelka.sk\/wp-content\/uploads\/2025\/05\/Salon_Rebelka_Svadobne_Saty_53_01.jpg'><img loading=\"lazy\" decoding=\"async\" width=\"1331\" height=\"2000\" src=\"https:\/\/www.salonrebelka.sk\/wp-content\/uploads\/2025\/05\/Salon_Rebelka_Svadobne_Saty_53_01.jpg\" class=\"attachment-full size-full\" alt=\"\" srcset=\"https:\/\/www.salonrebelka.sk\/wp-content\/uploads\/2025\/05\/Salon_Rebelka_Svadobne_Saty_53_01.jpg 1331w, https:\/\/www.salonrebelka.sk\/wp-content\/uploads\/2025\/05\/Salon_Rebelka_Svadobne_Saty_53_01-200x300.jpg 200w, https:\/\/www.salonrebelka.sk\/wp-content\/uploads\/2025\/05\/Salon_Rebelka_Svadobne_Saty_53_01-681x1024.jpg 681w, https:\/\/www.salonrebelka.sk\/wp-content\/uploads\/2025\/05\/Salon_Rebelka_Svadobne_Saty_53_01-768x1154.jpg 768w, https:\/\/www.salonrebelka.sk\/wp-content\/uploads\/2025\/05\/Salon_Rebelka_Svadobne_Saty_53_01-1022x1536.jpg 1022w\" sizes=\"(max-width: 1331px) 100vw, 1331px\" \/><\/a>\n\t\t\t<\/div><\/figure><figure class='gallery-item'>\n\t\t\t<div class='gallery-icon portrait'>\n\t\t\t\t<a data-elementor-open-lightbox=\"yes\" data-elementor-lightbox-slideshow=\"71e55393\" data-e-action-hash=\"#elementor-action%3Aaction%3Dlightbox%26settings%3DeyJpZCI6MjM3NiwidXJsIjoiaHR0cHM6XC9cL3d3dy5zYWxvbnJlYmVsa2Euc2tcL3dwLWNvbnRlbnRcL3VwbG9hZHNcLzIwMjVcLzA1XC9TYWxvbl9SZWJlbGthX1N2YWRvYm5lX1NhdHlfNTNfMDIuanBnIiwic2xpZGVzaG93IjoiNzFlNTUzOTMifQ%3D%3D\" href='https:\/\/www.salonrebelka.sk\/wp-content\/uploads\/2025\/05\/Salon_Rebelka_Svadobne_Saty_53_02.jpg'><img loading=\"lazy\" decoding=\"async\" width=\"1331\" height=\"2000\" src=\"https:\/\/www.salonrebelka.sk\/wp-content\/uploads\/2025\/05\/Salon_Rebelka_Svadobne_Saty_53_02.jpg\" class=\"attachment-full size-full\" alt=\"\" srcset=\"https:\/\/www.salonrebelka.sk\/wp-content\/uploads\/2025\/05\/Salon_Rebelka_Svadobne_Saty_53_02.jpg 1331w, https:\/\/www.salonrebelka.sk\/wp-content\/uploads\/2025\/05\/Salon_Rebelka_Svadobne_Saty_53_02-200x300.jpg 200w, https:\/\/www.salonrebelka.sk\/wp-content\/uploads\/2025\/05\/Salon_Rebelka_Svadobne_Saty_53_02-681x1024.jpg 681w, https:\/\/www.salonrebelka.sk\/wp-content\/uploads\/2025\/05\/Salon_Rebelka_Svadobne_Saty_53_02-768x1154.jpg 768w, https:\/\/www.salonrebelka.sk\/wp-content\/uploads\/2025\/05\/Salon_Rebelka_Svadobne_Saty_53_02-1022x1536.jpg 1022w\" sizes=\"(max-width: 1331px) 100vw, 1331px\" \/><\/a>\n\t\t\t<\/div><\/figure>\n\t\t<\/div>\n\t\t<\/div>\n\t\t\t\t<\/div>\n\t\t\t\t<\/div>\n\t\t\t\t\t<\/div>\n\t\t\t\t<\/div>\n\t\t<div class=\"elementor-element elementor-element-16de15fe e-flex e-con-boxed e-con e-parent\" data-id=\"16de15fe\" data-element_type=\"container\">\n\t\t\t\t\t<div class=\"e-con-inner\">\n\t\t<div class=\"elementor-element elementor-element-6c019229 e-con-full e-flex e-con e-child\" data-id=\"6c019229\" data-element_type=\"container\">\n\t\t\t\t<div class=\"elementor-element elementor-element-11d48fde elementor-widget elementor-widget-button\" data-id=\"11d48fde\" data-element_type=\"widget\" data-widget_type=\"button.default\">\n\t\t\t\t<div class=\"elementor-widget-container\">\n\t\t\t\t\t<div class=\"elementor-button-wrapper\">\n\t\t\t<a class=\"elementor-button elementor-button-link elementor-size-sm\" href=\"https:\/\/www.salonrebelka.sk\/?page_id=64\">\n\t\t\t\t\t\t<span class=\"elementor-button-content-wrapper\">\n\t\t\t\t\t\t<span class=\"elementor-button-icon\">\n\t\t\t\t<svg aria-hidden=\"true\" class=\"e-font-icon-svg e-fas-arrow-circle-left\" viewBox=\"0 0 512 512\" xmlns=\"http:\/\/www.w3.org\/2000\/svg\"><path d=\"M256 504C119 504 8 393 8 256S119 8 256 8s248 111 248 248-111 248-248 248zm28.9-143.6L209.4 288H392c13.3 0 24-10.7 24-24v-16c0-13.3-10.7-24-24-24H209.4l75.5-72.4c9.7-9.3 9.9-24.8.4-34.3l-11-10.9c-9.4-9.4-24.6-9.4-33.9 0L107.7 239c-9.4 9.4-9.4 24.6 0 33.9l132.7 132.7c9.4 9.4 24.6 9.4 33.9 0l11-10.9c9.5-9.5 9.3-25-.4-34.3z\"><\/path><\/svg>\t\t\t<\/span>\n\t\t\t\t\t\t\t\t\t<span class=\"elementor-button-text\">Sp\u00e4\u0165 na v\u00fdber \u0161iat<\/span>\n\t\t\t\t\t<\/span>\n\t\t\t\t\t<\/a>\n\t\t<\/div>\n\t\t\t\t<\/div>\n\t\t\t\t<\/div>\n\t\t\t\t<\/div>\n\t\t\t\t\t<\/div>\n\t\t\t\t<\/div>\n\t\t<div class=\"elementor-element elementor-element-69895d5d e-flex e-con-boxed e-con e-parent\" data-id=\"69895d5d\" data-element_type=\"container\">\n\t\t\t\t\t<div class=\"e-con-inner\">\n\t\t\t\t<div class=\"elementor-element elementor-element-7d622051 elementor-widget elementor-widget-spacer\" data-id=\"7d622051\" data-element_type=\"widget\" data-widget_type=\"spacer.default\">\n\t\t\t\t<div class=\"elementor-widget-container\">\n\t\t\t\t\t<div class=\"elementor-spacer\">\n\t\t\t<div class=\"elementor-spacer-inner\"><\/div>\n\t\t<\/div>\n\t\t\t\t<\/div>\n\t\t\t\t<\/div>\n\t\t\t\t\t<\/div>\n\t\t\t\t<\/div>\n\t\t\t\t<\/div>\n\t\t","protected":false},"excerpt":{"rendered":"<p>Model 53 &#8211;\u00a0 zap\u00ednanie vzadu na zips a \u0161nurova\u010dku &#8211;\u00a0 \u0161aty prebehli jemn\u00fdm upcyclingom, kde sme kr\u00e1sne zv\u00fdraznili p\u00e1s nevesty &#8211;\u00a0 romantick\u00fd \u010dipkovan\u00fd vrch s v\u00fdstrihom do V &#8211;\u00a0 dekolt vy\u0161\u00edvan\u00fd kor\u00e1lkami &#8211;\u00a0 farba: slonovinov\u00e1 &#8211; ve\u013ekos\u0165: 38 Model 53 &#8211;\u00a0 zap\u00ednanie vzadu na zips a \u0161nurova\u010dku &#8211;\u00a0 \u0161aty prebehli jemn\u00fdm upcyclingom, kde sme kr\u00e1sne [&hellip;]<\/p>\n","protected":false},"author":1,"featured_media":0,"parent":0,"menu_order":0,"comment_status":"closed","ping_status":"closed","template":"elementor_header_footer","meta":{"footnotes":""},"class_list":["post-2422","page","type-page","status-publish","hentry"],"_links":{"self":[{"href":"https:\/\/www.salonrebelka.sk\/index.php?rest_route=\/wp\/v2\/pages\/2422","targetHints":{"allow":["GET"]}}],"collection":[{"href":"https:\/\/www.salonrebelka.sk\/index.php?rest_route=\/wp\/v2\/pages"}],"about":[{"href":"https:\/\/www.salonrebelka.sk\/index.php?rest_route=\/wp\/v2\/types\/page"}],"author":[{"embeddable":true,"href":"https:\/\/www.salonrebelka.sk\/index.php?rest_route=\/wp\/v2\/users\/1"}],"replies":[{"embeddable":true,"href":"https:\/\/www.salonrebelka.sk\/index.php?rest_route=%2Fwp%2Fv2%2Fcomments&post=2422"}],"version-history":[{"count":4,"href":"https:\/\/www.salonrebelka.sk\/index.php?rest_route=\/wp\/v2\/pages\/2422\/revisions"}],"predecessor-version":[{"id":2427,"href":"https:\/\/www.salonrebelka.sk\/index.php?rest_route=\/wp\/v2\/pages\/2422\/revisions\/2427"}],"wp:attachment":[{"href":"https:\/\/www.salonrebelka.sk\/index.php?rest_route=%2Fwp%2Fv2%2Fmedia&parent=2422"}],"curies":[{"name":"wp","href":"https:\/\/api.w.org\/{rel}","templated":true}]}}