{"id":1401,"date":"2024-08-04T18:51:54","date_gmt":"2024-08-04T18:51:54","guid":{"rendered":"https:\/\/www.salonrebelka.sk\/?page_id=1401"},"modified":"2024-08-05T18:19:06","modified_gmt":"2024-08-05T18:19:06","slug":"ochrana-udajov","status":"publish","type":"page","link":"https:\/\/www.salonrebelka.sk\/?page_id=1401","title":{"rendered":"Ochrana \u00fadajov"},"content":{"rendered":"\t\t<div data-elementor-type=\"wp-page\" data-elementor-id=\"1401\" class=\"elementor elementor-1401\" data-elementor-post-type=\"page\">\n\t\t\t\t<div class=\"elementor-element elementor-element-49c51d1 e-flex e-con-boxed elementor-invisible e-con e-parent\" data-id=\"49c51d1\" data-element_type=\"container\" data-settings=\"{&quot;animation&quot;:&quot;fadeIn&quot;}\">\n\t\t\t\t\t<div class=\"e-con-inner\">\n\t\t\t\t<div class=\"elementor-element elementor-element-ba31140 elementor-widget elementor-widget-spacer\" data-id=\"ba31140\" data-element_type=\"widget\" data-widget_type=\"spacer.default\">\n\t\t\t\t<div class=\"elementor-widget-container\">\n\t\t\t<style>\/*! elementor - v3.23.0 - 25-07-2024 *\/\n.elementor-column .elementor-spacer-inner{height:var(--spacer-size)}.e-con{--container-widget-width:100%}.e-con-inner>.elementor-widget-spacer,.e-con>.elementor-widget-spacer{width:var(--container-widget-width,var(--spacer-size));--align-self:var(--container-widget-align-self,initial);--flex-shrink:0}.e-con-inner>.elementor-widget-spacer>.elementor-widget-container,.e-con>.elementor-widget-spacer>.elementor-widget-container{height:100%;width:100%}.e-con-inner>.elementor-widget-spacer>.elementor-widget-container>.elementor-spacer,.e-con>.elementor-widget-spacer>.elementor-widget-container>.elementor-spacer{height:100%}.e-con-inner>.elementor-widget-spacer>.elementor-widget-container>.elementor-spacer>.elementor-spacer-inner,.e-con>.elementor-widget-spacer>.elementor-widget-container>.elementor-spacer>.elementor-spacer-inner{height:var(--container-widget-height,var(--spacer-size))}.e-con-inner>.elementor-widget-spacer.elementor-widget-empty,.e-con>.elementor-widget-spacer.elementor-widget-empty{position:relative;min-height:22px;min-width:22px}.e-con-inner>.elementor-widget-spacer.elementor-widget-empty .elementor-widget-empty-icon,.e-con>.elementor-widget-spacer.elementor-widget-empty .elementor-widget-empty-icon{position:absolute;top:0;bottom:0;left:0;right:0;margin:auto;padding:0;width:22px;height:22px}<\/style>\t\t<div class=\"elementor-spacer\">\n\t\t\t<div class=\"elementor-spacer-inner\"><\/div>\n\t\t<\/div>\n\t\t\t\t<\/div>\n\t\t\t\t<\/div>\n\t\t\t\t\t<\/div>\n\t\t\t\t<\/div>\n\t\t<div class=\"elementor-element elementor-element-845af46 e-flex e-con-boxed elementor-invisible e-con e-parent\" data-id=\"845af46\" data-element_type=\"container\" data-settings=\"{&quot;animation&quot;:&quot;fadeIn&quot;}\">\n\t\t\t\t\t<div class=\"e-con-inner\">\n\t\t<div class=\"elementor-element elementor-element-cb71cdf e-con-full e-flex e-con e-child\" data-id=\"cb71cdf\" data-element_type=\"container\">\n\t\t\t\t<div class=\"elementor-element elementor-element-0ae69c8 elementor-widget elementor-widget-heading\" data-id=\"0ae69c8\" data-element_type=\"widget\" data-widget_type=\"heading.default\">\n\t\t\t\t<div class=\"elementor-widget-container\">\n\t\t\t<style>\/*! elementor - v3.23.0 - 25-07-2024 *\/\n.elementor-heading-title{padding:0;margin:0;line-height:1}.elementor-widget-heading .elementor-heading-title[class*=elementor-size-]>a{color:inherit;font-size:inherit;line-height:inherit}.elementor-widget-heading .elementor-heading-title.elementor-size-small{font-size:15px}.elementor-widget-heading .elementor-heading-title.elementor-size-medium{font-size:19px}.elementor-widget-heading .elementor-heading-title.elementor-size-large{font-size:29px}.elementor-widget-heading .elementor-heading-title.elementor-size-xl{font-size:39px}.elementor-widget-heading .elementor-heading-title.elementor-size-xxl{font-size:59px}<\/style><h2 class=\"elementor-heading-title elementor-size-default\">Z\u00e1sady ochrany osobn\u00fdch \u00fadajov<\/h2>\t\t<\/div>\n\t\t\t\t<\/div>\n\t\t\t\t<div class=\"elementor-element elementor-element-7b5f217 elementor-widget elementor-widget-heading\" data-id=\"7b5f217\" data-element_type=\"widget\" data-widget_type=\"heading.default\">\n\t\t\t\t<div class=\"elementor-widget-container\">\n\t\t\t<h2 class=\"elementor-heading-title elementor-size-default\">Osobn\u00e9 \u00fadaje v\u00e1s (ako dotknut\u00fdch os\u00f4b) s\u00fa, u prev\u00e1dzkovate\u013ea Luk\u00e1\u0161 Seluck\u00fd, Ga\u0161tanov\u00e1 3088\/46, 01007 \u017dilina, I\u010cO: 55226957, e-mail: info@salonrebelka.sk, sprac\u00favan\u00e9 v s\u00falade s Nariaden\u00edm E\u00da \u010d. 2016\/679 o ochrane fyzick\u00fdch os\u00f4b pri sprac\u00favan\u00ed osobn\u00fdch \u00fadajov a o vo\u013enom pohybe tak\u00fdchto \u00fadajov \/GDPR\/ a v s\u00falade s z\u00e1konom \u010d. 18\/2018 Z. z. o ochrane osobn\u00fdch \u00fadajov a o zmene a doplnen\u00ed niektor\u00fdch z\u00e1konov. <br>Va\u0161e s\u00fakromie je pre n\u00e1s d\u00f4le\u017eit\u00e9. Tieto z\u00e1sady ochrany osobn\u00fdch \u00fadajov vysvet\u013euj\u00fa, ak\u00e9 osobn\u00e9 \u00fadaje zhroma\u017e\u010fujeme, ako ich pou\u017e\u00edvame a ako ich chr\u00e1nime.<\/h2>\t\t<\/div>\n\t\t\t\t<\/div>\n\t\t\t\t<\/div>\n\t\t\t\t\t<\/div>\n\t\t\t\t<\/div>\n\t\t<div class=\"elementor-element elementor-element-e2d2ad3 e-flex e-con-boxed e-con e-parent\" data-id=\"e2d2ad3\" data-element_type=\"container\">\n\t\t\t\t\t<div class=\"e-con-inner\">\n\t\t\t\t<div class=\"elementor-element elementor-element-f239281 elementor-widget elementor-widget-spacer\" data-id=\"f239281\" data-element_type=\"widget\" data-widget_type=\"spacer.default\">\n\t\t\t\t<div class=\"elementor-widget-container\">\n\t\t\t\t\t<div class=\"elementor-spacer\">\n\t\t\t<div class=\"elementor-spacer-inner\"><\/div>\n\t\t<\/div>\n\t\t\t\t<\/div>\n\t\t\t\t<\/div>\n\t\t\t\t\t<\/div>\n\t\t\t\t<\/div>\n\t\t<div class=\"elementor-element elementor-element-fb21ce8 e-flex e-con-boxed elementor-invisible e-con e-parent\" data-id=\"fb21ce8\" data-element_type=\"container\" data-settings=\"{&quot;animation&quot;:&quot;fadeIn&quot;}\">\n\t\t\t\t\t<div class=\"e-con-inner\">\n\t\t<div class=\"elementor-element elementor-element-29e50a1 e-con-full e-flex e-con e-child\" data-id=\"29e50a1\" data-element_type=\"container\">\n\t\t\t\t<div class=\"elementor-element elementor-element-59c1b71 elementor-widget elementor-widget-heading\" data-id=\"59c1b71\" data-element_type=\"widget\" data-widget_type=\"heading.default\">\n\t\t\t\t<div class=\"elementor-widget-container\">\n\t\t\t<h2 class=\"elementor-heading-title elementor-size-default\">Zhroma\u017e\u010fovanie osobn\u00fdch \u00fadajov<\/h2>\t\t<\/div>\n\t\t\t\t<\/div>\n\t\t\t\t<div class=\"elementor-element elementor-element-d7ca974 elementor-widget elementor-widget-heading\" data-id=\"d7ca974\" data-element_type=\"widget\" data-widget_type=\"heading.default\">\n\t\t\t\t<div class=\"elementor-widget-container\">\n\t\t\t<h2 class=\"elementor-heading-title elementor-size-default\">Zhroma\u017e\u010fujeme nasledovn\u00e9 osobn\u00e9 \u00fadaje: <br>- meno a priezvisko <br>- e-mailov\u00e1 adresa<\/h2>\t\t<\/div>\n\t\t\t\t<\/div>\n\t\t\t\t<\/div>\n\t\t\t\t\t<\/div>\n\t\t\t\t<\/div>\n\t\t<div class=\"elementor-element elementor-element-0414567 e-flex e-con-boxed e-con e-parent\" data-id=\"0414567\" data-element_type=\"container\">\n\t\t\t\t\t<div class=\"e-con-inner\">\n\t\t\t\t<div class=\"elementor-element elementor-element-8f211e4 elementor-widget elementor-widget-spacer\" data-id=\"8f211e4\" data-element_type=\"widget\" data-widget_type=\"spacer.default\">\n\t\t\t\t<div class=\"elementor-widget-container\">\n\t\t\t\t\t<div class=\"elementor-spacer\">\n\t\t\t<div class=\"elementor-spacer-inner\"><\/div>\n\t\t<\/div>\n\t\t\t\t<\/div>\n\t\t\t\t<\/div>\n\t\t\t\t\t<\/div>\n\t\t\t\t<\/div>\n\t\t<div class=\"elementor-element elementor-element-a854a12 e-flex e-con-boxed elementor-invisible e-con e-parent\" data-id=\"a854a12\" data-element_type=\"container\" data-settings=\"{&quot;animation&quot;:&quot;fadeIn&quot;}\">\n\t\t\t\t\t<div class=\"e-con-inner\">\n\t\t<div class=\"elementor-element elementor-element-2ff3ae6 e-con-full e-flex e-con e-child\" data-id=\"2ff3ae6\" data-element_type=\"container\">\n\t\t\t\t<div class=\"elementor-element elementor-element-8139780 elementor-widget elementor-widget-heading\" data-id=\"8139780\" data-element_type=\"widget\" data-widget_type=\"heading.default\">\n\t\t\t\t<div class=\"elementor-widget-container\">\n\t\t\t<h2 class=\"elementor-heading-title elementor-size-default\">Pou\u017eitie osobn\u00fdch \u00fadajov<\/h2>\t\t<\/div>\n\t\t\t\t<\/div>\n\t\t\t\t<div class=\"elementor-element elementor-element-67ecab9 elementor-widget elementor-widget-heading\" data-id=\"67ecab9\" data-element_type=\"widget\" data-widget_type=\"heading.default\">\n\t\t\t\t<div class=\"elementor-widget-container\">\n\t\t\t<h2 class=\"elementor-heading-title elementor-size-default\">Va\u0161e osobn\u00e9 \u00fadaje pou\u017e\u00edvame na nasledovn\u00e9 \u00fa\u010dely: <br>- poskytnutie odpoved\u00ed na va\u0161e ot\u00e1zky zaslan\u00e9 prostredn\u00edctvom kontaktn\u00e9ho formul\u00e1ra <br>- poskytovanie inform\u00e1ci\u00ed alebo slu\u017eieb, o ktor\u00e9 ste po\u017eiadali<\/h2>\t\t<\/div>\n\t\t\t\t<\/div>\n\t\t\t\t<\/div>\n\t\t\t\t\t<\/div>\n\t\t\t\t<\/div>\n\t\t<div class=\"elementor-element elementor-element-e5955b9 e-flex e-con-boxed e-con e-parent\" data-id=\"e5955b9\" data-element_type=\"container\">\n\t\t\t\t\t<div class=\"e-con-inner\">\n\t\t\t\t<div class=\"elementor-element elementor-element-8ad89af elementor-widget elementor-widget-spacer\" data-id=\"8ad89af\" data-element_type=\"widget\" data-widget_type=\"spacer.default\">\n\t\t\t\t<div class=\"elementor-widget-container\">\n\t\t\t\t\t<div class=\"elementor-spacer\">\n\t\t\t<div class=\"elementor-spacer-inner\"><\/div>\n\t\t<\/div>\n\t\t\t\t<\/div>\n\t\t\t\t<\/div>\n\t\t\t\t\t<\/div>\n\t\t\t\t<\/div>\n\t\t<div class=\"elementor-element elementor-element-39b15ba e-flex e-con-boxed elementor-invisible e-con e-parent\" data-id=\"39b15ba\" data-element_type=\"container\" data-settings=\"{&quot;animation&quot;:&quot;fadeIn&quot;}\">\n\t\t\t\t\t<div class=\"e-con-inner\">\n\t\t<div class=\"elementor-element elementor-element-5e5f387 e-con-full e-flex e-con e-child\" data-id=\"5e5f387\" data-element_type=\"container\">\n\t\t\t\t<div class=\"elementor-element elementor-element-73bc542 elementor-widget elementor-widget-heading\" data-id=\"73bc542\" data-element_type=\"widget\" data-widget_type=\"heading.default\">\n\t\t\t\t<div class=\"elementor-widget-container\">\n\t\t\t<h2 class=\"elementor-heading-title elementor-size-default\">Uchov\u00e1vanie osobn\u00fdch \u00fadajov<\/h2>\t\t<\/div>\n\t\t\t\t<\/div>\n\t\t\t\t<div class=\"elementor-element elementor-element-74cf9cb elementor-widget elementor-widget-heading\" data-id=\"74cf9cb\" data-element_type=\"widget\" data-widget_type=\"heading.default\">\n\t\t\t\t<div class=\"elementor-widget-container\">\n\t\t\t<h2 class=\"elementor-heading-title elementor-size-default\">Va\u0161e osobn\u00e9 \u00fadaje (meno, priezvisko, e-mail) uchov\u00e1vame vo svojich datab\u00e1zach tak dlho, ako je primerane nevyhnutn\u00e9 s oh\u013eadom na na\u0161e potreby poskytn\u00fa\u0165 v\u00e1m odpovede na va\u0161e ot\u00e1zky alebo poskytovanie na\u0161ich slu\u017eieb, najdlh\u0161ie v\u0161ak po dobu 3 rokov.<\/h2>\t\t<\/div>\n\t\t\t\t<\/div>\n\t\t\t\t<\/div>\n\t\t\t\t\t<\/div>\n\t\t\t\t<\/div>\n\t\t<div class=\"elementor-element elementor-element-40e1a04 e-flex e-con-boxed e-con e-parent\" data-id=\"40e1a04\" data-element_type=\"container\">\n\t\t\t\t\t<div class=\"e-con-inner\">\n\t\t\t\t<div class=\"elementor-element elementor-element-50a6361 elementor-widget elementor-widget-spacer\" data-id=\"50a6361\" data-element_type=\"widget\" data-widget_type=\"spacer.default\">\n\t\t\t\t<div class=\"elementor-widget-container\">\n\t\t\t\t\t<div class=\"elementor-spacer\">\n\t\t\t<div class=\"elementor-spacer-inner\"><\/div>\n\t\t<\/div>\n\t\t\t\t<\/div>\n\t\t\t\t<\/div>\n\t\t\t\t\t<\/div>\n\t\t\t\t<\/div>\n\t\t<div class=\"elementor-element elementor-element-754e9be e-flex e-con-boxed elementor-invisible e-con e-parent\" data-id=\"754e9be\" data-element_type=\"container\" data-settings=\"{&quot;animation&quot;:&quot;fadeIn&quot;}\">\n\t\t\t\t\t<div class=\"e-con-inner\">\n\t\t<div class=\"elementor-element elementor-element-65caa01 e-con-full e-flex e-con e-child\" data-id=\"65caa01\" data-element_type=\"container\">\n\t\t\t\t<div class=\"elementor-element elementor-element-12d0cc0 elementor-widget elementor-widget-heading\" data-id=\"12d0cc0\" data-element_type=\"widget\" data-widget_type=\"heading.default\">\n\t\t\t\t<div class=\"elementor-widget-container\">\n\t\t\t<h2 class=\"elementor-heading-title elementor-size-default\">Zdie\u013eanie osobn\u00fdch \u00fadajov<\/h2>\t\t<\/div>\n\t\t\t\t<\/div>\n\t\t\t\t<div class=\"elementor-element elementor-element-7f5d3a1 elementor-widget elementor-widget-heading\" data-id=\"7f5d3a1\" data-element_type=\"widget\" data-widget_type=\"heading.default\">\n\t\t\t\t<div class=\"elementor-widget-container\">\n\t\t\t<h2 class=\"elementor-heading-title elementor-size-default\">Na\u0161a spolo\u010dnos\u0165 nebude nikdy zdie\u013ea\u0165 va\u0161e osobn\u00e9 \u00fadaje so \u017eiadnou spolo\u010dnos\u0165ou tret\u00edch str\u00e1n, ktor\u00e1 ich pl\u00e1nuje pou\u017ei\u0165 na priame marketingov\u00e9 \u00fa\u010dely, pokia\u013e n\u00e1m na to ned\u00e1te v\u00fdslovn\u00fd s\u00fahlas. Va\u0161e osobn\u00e9 \u00fadaje m\u00f4\u017eeme poskytn\u00fa\u0165 tret\u00edm stran\u00e1m (ako napr\u00edklad sprostredkovate\u013eom slu\u017eieb v oblasti web hostingu a in\u00fdch technologick\u00fdch slu\u017eieb), ktor\u00e9 priamo s\u00favisia s chodom webstr\u00e1nky. V\u0161etci sprostredkovatelia s\u00fa zaviazan\u00ed neumo\u017eni\u0165 pou\u017eitie osobn\u00fdch \u00fadajov na in\u00fd \u00fa\u010del. Va\u0161e osobn\u00e9 \u00fadaje m\u00f4\u017eeme taktie\u017e poskytn\u00fa\u0165 \u0161t\u00e1tnym org\u00e1nom a s\u00fadnym org\u00e1nom, ak si to vy\u017eaduje pr\u00edslu\u0161n\u00fd z\u00e1kon.<\/h2>\t\t<\/div>\n\t\t\t\t<\/div>\n\t\t\t\t<div class=\"elementor-element elementor-element-846df8f elementor-widget elementor-widget-heading\" data-id=\"846df8f\" data-element_type=\"widget\" data-widget_type=\"heading.default\">\n\t\t\t\t<div class=\"elementor-widget-container\">\n\t\t\t<h2 class=\"elementor-heading-title elementor-size-default\">Rob\u00edme v\u0161etky primeran\u00e9 opatrenia na ochranu va\u0161ich osobn\u00fdch \u00fadajov pred neopr\u00e1vnen\u00fdm pr\u00edstupom, zmenou, zverejnen\u00edm alebo zni\u010den\u00edm. Pou\u017e\u00edvame bezpe\u010dnostn\u00e9 opatrenia, ako s\u00fa \u0161ifrovanie a pr\u00edstupov\u00e9 kontroly.<\/h2>\t\t<\/div>\n\t\t\t\t<\/div>\n\t\t\t\t<\/div>\n\t\t\t\t\t<\/div>\n\t\t\t\t<\/div>\n\t\t<div class=\"elementor-element elementor-element-2e47942 e-flex e-con-boxed e-con e-parent\" data-id=\"2e47942\" data-element_type=\"container\">\n\t\t\t\t\t<div class=\"e-con-inner\">\n\t\t\t\t<div class=\"elementor-element elementor-element-371c2f0 elementor-widget elementor-widget-spacer\" data-id=\"371c2f0\" data-element_type=\"widget\" data-widget_type=\"spacer.default\">\n\t\t\t\t<div class=\"elementor-widget-container\">\n\t\t\t\t\t<div class=\"elementor-spacer\">\n\t\t\t<div class=\"elementor-spacer-inner\"><\/div>\n\t\t<\/div>\n\t\t\t\t<\/div>\n\t\t\t\t<\/div>\n\t\t\t\t\t<\/div>\n\t\t\t\t<\/div>\n\t\t<div class=\"elementor-element elementor-element-ebe10a7 e-flex e-con-boxed elementor-invisible e-con e-parent\" data-id=\"ebe10a7\" data-element_type=\"container\" data-settings=\"{&quot;animation&quot;:&quot;fadeIn&quot;}\">\n\t\t\t\t\t<div class=\"e-con-inner\">\n\t\t<div class=\"elementor-element elementor-element-94286fd e-con-full e-flex e-con e-child\" data-id=\"94286fd\" data-element_type=\"container\">\n\t\t\t\t<div class=\"elementor-element elementor-element-20c962b elementor-widget elementor-widget-heading\" data-id=\"20c962b\" data-element_type=\"widget\" data-widget_type=\"heading.default\">\n\t\t\t\t<div class=\"elementor-widget-container\">\n\t\t\t<h2 class=\"elementor-heading-title elementor-size-default\">Cookies<\/h2>\t\t<\/div>\n\t\t\t\t<\/div>\n\t\t\t\t<div class=\"elementor-element elementor-element-cad81ef elementor-widget elementor-widget-heading\" data-id=\"cad81ef\" data-element_type=\"widget\" data-widget_type=\"heading.default\">\n\t\t\t\t<div class=\"elementor-widget-container\">\n\t\t\t<h2 class=\"elementor-heading-title elementor-size-default\">Na\u0161a str\u00e1nka pou\u017e\u00edva cookies na zlep\u0161enie pou\u017e\u00edvate\u013esk\u00e9ho z\u00e1\u017eitku. Cookies s\u00fa mal\u00e9 textov\u00e9 s\u00fabory, ktor\u00e9 s\u00fa ulo\u017een\u00e9 vo va\u0161om zariaden\u00ed pri n\u00e1v\u0161teve na\u0161ej str\u00e1nky. Pr\u00e1vnym z\u00e1kladom na sprac\u00favanie cookies je s\u00fahlas n\u00e1v\u0161tevn\u00edka webstr\u00e1nky, ktor\u00fd n\u00e1m odovzd\u00e1va zakliknut\u00edm pr\u00edslu\u0161n\u00e9ho tla\u010didla na spodnej \u010dasti webu. S\u00fahlas so sprac\u00favan\u00edm cookies m\u00e1 u\u017e\u00edvate\u013e mo\u017enos\u0165 kedyko\u013evek odvola\u0165 v nastaveniach svojho internetov\u00e9ho prehliada\u010da. Cookies uchov\u00e1vame po dobu 12 mesiacov.<\/h2>\t\t<\/div>\n\t\t\t\t<\/div>\n\t\t\t\t<\/div>\n\t\t\t\t\t<\/div>\n\t\t\t\t<\/div>\n\t\t<div class=\"elementor-element elementor-element-c0c73ad e-flex e-con-boxed e-con e-parent\" data-id=\"c0c73ad\" data-element_type=\"container\">\n\t\t\t\t\t<div class=\"e-con-inner\">\n\t\t\t\t<div class=\"elementor-element elementor-element-3a04552 elementor-widget elementor-widget-spacer\" data-id=\"3a04552\" data-element_type=\"widget\" data-widget_type=\"spacer.default\">\n\t\t\t\t<div class=\"elementor-widget-container\">\n\t\t\t\t\t<div class=\"elementor-spacer\">\n\t\t\t<div class=\"elementor-spacer-inner\"><\/div>\n\t\t<\/div>\n\t\t\t\t<\/div>\n\t\t\t\t<\/div>\n\t\t\t\t\t<\/div>\n\t\t\t\t<\/div>\n\t\t<div class=\"elementor-element elementor-element-bb3ebb2 e-flex e-con-boxed elementor-invisible e-con e-parent\" data-id=\"bb3ebb2\" data-element_type=\"container\" data-settings=\"{&quot;animation&quot;:&quot;fadeIn&quot;}\">\n\t\t\t\t\t<div class=\"e-con-inner\">\n\t\t<div class=\"elementor-element elementor-element-1037fd9 e-con-full e-flex e-con e-child\" data-id=\"1037fd9\" data-element_type=\"container\">\n\t\t\t\t<div class=\"elementor-element elementor-element-bc594a2 elementor-widget elementor-widget-heading\" data-id=\"bc594a2\" data-element_type=\"widget\" data-widget_type=\"heading.default\">\n\t\t\t\t<div class=\"elementor-widget-container\">\n\t\t\t<h2 class=\"elementor-heading-title elementor-size-default\">Pr\u00e1va dotknutej osoby<\/h2>\t\t<\/div>\n\t\t\t\t<\/div>\n\t\t\t\t<div class=\"elementor-element elementor-element-d1714ef elementor-widget elementor-widget-heading\" data-id=\"d1714ef\" data-element_type=\"widget\" data-widget_type=\"heading.default\">\n\t\t\t\t<div class=\"elementor-widget-container\">\n\t\t\t<h2 class=\"elementor-heading-title elementor-size-default\">Ako dotknutej osobe v\u00e1m v zmysle GDPR a vo\u010di zodpovedn\u00e9mu subjektu prin\u00e1le\u017eia nasledovn\u00e9 pr\u00e1va: <br>- pr\u00e1vo na inform\u00e1ciu <br>- pr\u00e1vo na opravu <br>- pr\u00e1vo na obmedzenie spracovania <br>- pr\u00e1vo na vymazanie <br>- pr\u00e1vo na ozn\u00e1menie <br>- pr\u00e1vo na prenosite\u013enos\u0165 \u00fadajov <br>- pr\u00e1vo na n\u00e1mietku <br>- pr\u00e1vo na odvolanie vyhl\u00e1senia o s\u00fahlase t\u00fdkaj\u00faceho sa pr\u00e1vnej ochrany \u00fadajov <br>- pr\u00e1vo na s\u0165a\u017enos\u0165 na dozornom \u00farade <br>Niektor\u00e9 pr\u00e1va s\u00fa zlo\u017eit\u00e9 a nie v\u0161etky podrobnosti boli zahrnut\u00e9 do na\u0161ich s\u00fahrnov. Preto by ste si mali pre\u010d\u00edta\u0165 pr\u00edslu\u0161n\u00e9 z\u00e1kony a usmernenia regula\u010dn\u00fdch org\u00e1nov o \u00faplnom vysvetlen\u00ed t\u00fdchto pr\u00e1v.<\/h2>\t\t<\/div>\n\t\t\t\t<\/div>\n\t\t\t\t<\/div>\n\t\t\t\t\t<\/div>\n\t\t\t\t<\/div>\n\t\t<div class=\"elementor-element elementor-element-7fabdc2 e-flex e-con-boxed e-con e-parent\" data-id=\"7fabdc2\" data-element_type=\"container\">\n\t\t\t\t\t<div class=\"e-con-inner\">\n\t\t\t\t<div class=\"elementor-element elementor-element-3ccbc4f elementor-widget elementor-widget-spacer\" data-id=\"3ccbc4f\" data-element_type=\"widget\" data-widget_type=\"spacer.default\">\n\t\t\t\t<div class=\"elementor-widget-container\">\n\t\t\t\t\t<div class=\"elementor-spacer\">\n\t\t\t<div class=\"elementor-spacer-inner\"><\/div>\n\t\t<\/div>\n\t\t\t\t<\/div>\n\t\t\t\t<\/div>\n\t\t\t\t\t<\/div>\n\t\t\t\t<\/div>\n\t\t<div class=\"elementor-element elementor-element-221e13e e-flex e-con-boxed elementor-invisible e-con e-parent\" data-id=\"221e13e\" data-element_type=\"container\" data-settings=\"{&quot;animation&quot;:&quot;fadeIn&quot;}\">\n\t\t\t\t\t<div class=\"e-con-inner\">\n\t\t<div class=\"elementor-element elementor-element-d7bd09e e-con-full e-flex e-con e-child\" data-id=\"d7bd09e\" data-element_type=\"container\">\n\t\t\t\t<div class=\"elementor-element elementor-element-71ae450 elementor-widget elementor-widget-heading\" data-id=\"71ae450\" data-element_type=\"widget\" data-widget_type=\"heading.default\">\n\t\t\t\t<div class=\"elementor-widget-container\">\n\t\t\t<h2 class=\"elementor-heading-title elementor-size-default\">Kontakt<\/h2>\t\t<\/div>\n\t\t\t\t<\/div>\n\t\t\t\t<div class=\"elementor-element elementor-element-c201b4c elementor-widget elementor-widget-heading\" data-id=\"c201b4c\" data-element_type=\"widget\" data-widget_type=\"heading.default\">\n\t\t\t\t<div class=\"elementor-widget-container\">\n\t\t\t<h2 class=\"elementor-heading-title elementor-size-default\">Ak m\u00e1te ak\u00e9ko\u013evek ot\u00e1zky t\u00fdkaj\u00face sa t\u00fdchto z\u00e1sad ochrany osobn\u00fdch \u00fadajov, m\u00f4\u017eete n\u00e1s kontaktova\u0165 na: <br> info@salonrebelka.sk<\/h2>\t\t<\/div>\n\t\t\t\t<\/div>\n\t\t\t\t<\/div>\n\t\t<div class=\"elementor-element elementor-element-73f73ab e-con-full e-flex e-con e-child\" data-id=\"73f73ab\" data-element_type=\"container\">\n\t\t\t\t<div class=\"elementor-element elementor-element-6e9abf1 elementor-widget elementor-widget-heading\" data-id=\"6e9abf1\" data-element_type=\"widget\" data-widget_type=\"heading.default\">\n\t\t\t\t<div class=\"elementor-widget-container\">\n\t\t\t<h2 class=\"elementor-heading-title elementor-size-default\">Tieto inform\u00e1cie nadob\u00fadaj\u00fa platnos\u0165 a \u00fa\u010dinnos\u0165 d\u0148om 04.08.2024. \nPrev\u00e1dzkovate\u013e si vyhradzuje pr\u00e1vo tieto podmienky zmeni\u0165 v pr\u00edpade zmeny sprac\u00favania osobn\u00fdch \u00fadajov v spolo\u010dnosti a v pr\u00edpade legislat\u00edvnej zmeny.<\/h2>\t\t<\/div>\n\t\t\t\t<\/div>\n\t\t\t\t<\/div>\n\t\t\t\t\t<\/div>\n\t\t\t\t<\/div>\n\t\t<div class=\"elementor-element elementor-element-7aa61e4 e-flex e-con-boxed e-con e-parent\" data-id=\"7aa61e4\" data-element_type=\"container\">\n\t\t\t\t\t<div class=\"e-con-inner\">\n\t\t\t\t<div class=\"elementor-element elementor-element-7fff09a elementor-widget elementor-widget-spacer\" data-id=\"7fff09a\" data-element_type=\"widget\" data-widget_type=\"spacer.default\">\n\t\t\t\t<div class=\"elementor-widget-container\">\n\t\t\t\t\t<div class=\"elementor-spacer\">\n\t\t\t<div class=\"elementor-spacer-inner\"><\/div>\n\t\t<\/div>\n\t\t\t\t<\/div>\n\t\t\t\t<\/div>\n\t\t\t\t\t<\/div>\n\t\t\t\t<\/div>\n\t\t\t\t<\/div>\n\t\t","protected":false},"excerpt":{"rendered":"<p>Z\u00e1sady ochrany osobn\u00fdch \u00fadajov Osobn\u00e9 \u00fadaje v\u00e1s (ako dotknut\u00fdch os\u00f4b) s\u00fa, u prev\u00e1dzkovate\u013ea Luk\u00e1\u0161 Seluck\u00fd, Ga\u0161tanov\u00e1 3088\/46, 01007 \u017dilina, I\u010cO: 55226957, e-mail: info@salonrebelka.sk, sprac\u00favan\u00e9 v s\u00falade s Nariaden\u00edm E\u00da \u010d. 2016\/679 o ochrane fyzick\u00fdch os\u00f4b pri sprac\u00favan\u00ed osobn\u00fdch \u00fadajov a o vo\u013enom pohybe tak\u00fdchto \u00fadajov \/GDPR\/ a v s\u00falade s z\u00e1konom \u010d. 18\/2018 Z. z. [&hellip;]<\/p>\n","protected":false},"author":1,"featured_media":0,"parent":0,"menu_order":0,"comment_status":"closed","ping_status":"closed","template":"","meta":{"footnotes":""},"class_list":["post-1401","page","type-page","status-publish","hentry"],"_links":{"self":[{"href":"https:\/\/www.salonrebelka.sk\/index.php?rest_route=\/wp\/v2\/pages\/1401","targetHints":{"allow":["GET"]}}],"collection":[{"href":"https:\/\/www.salonrebelka.sk\/index.php?rest_route=\/wp\/v2\/pages"}],"about":[{"href":"https:\/\/www.salonrebelka.sk\/index.php?rest_route=\/wp\/v2\/types\/page"}],"author":[{"embeddable":true,"href":"https:\/\/www.salonrebelka.sk\/index.php?rest_route=\/wp\/v2\/users\/1"}],"replies":[{"embeddable":true,"href":"https:\/\/www.salonrebelka.sk\/index.php?rest_route=%2Fwp%2Fv2%2Fcomments&post=1401"}],"version-history":[{"count":22,"href":"https:\/\/www.salonrebelka.sk\/index.php?rest_route=\/wp\/v2\/pages\/1401\/revisions"}],"predecessor-version":[{"id":1429,"href":"https:\/\/www.salonrebelka.sk\/index.php?rest_route=\/wp\/v2\/pages\/1401\/revisions\/1429"}],"wp:attachment":[{"href":"https:\/\/www.salonrebelka.sk\/index.php?rest_route=%2Fwp%2Fv2%2Fmedia&parent=1401"}],"curies":[{"name":"wp","href":"https:\/\/api.w.org\/{rel}","templated":true}]}}